{"id":9,"date":"2020-10-15T03:50:50","date_gmt":"2020-10-15T03:50:50","guid":{"rendered":"http:\/\/innovateprogramme.com\/?page_id=9"},"modified":"2025-02-06T16:21:08","modified_gmt":"2025-02-06T22:21:08","slug":"inicio","status":"publish","type":"page","link":"https:\/\/innovateprogramme.com\/","title":{"rendered":"Inicio"},"content":{"rendered":"<p>[et_pb_section fb_built=\u00bb1&#8243; fullwidth=\u00bbon\u00bb admin_label=\u00bbHeader\u00bb _builder_version=\u00bb4.5.3&#8243; background_image=\u00bbhttp:\/\/innovateprogramme.com\/wp-content\/uploads\/2025\/02\/Innovate-Summit-2024-377-scaled.jpg\u00bb custom_padding=\u00bb|||\u00bb animation_style=\u00bbslide\u00bb animation_direction=\u00bbtop\u00bb animation_intensity_slide=\u00bb2%\u00bb hover_enabled=\u00bb0&#8243; title_text=\u00bbInnovate Summit 2024-377&#8243;][et_pb_fullwidth_header title=\u00bb\u00a1Se parte de nuestra cultura de negocios en Centroam\u00e9rica y M\u00e9xico!\u00bb button_one_text=\u00bbReg\u00edstrate como Concursante\u00bb button_one_url=\u00bbhttps:\/\/innovateprogramme.com\/index.php\/registro-roads-to-innovate\/\u00bb background_overlay_color=\u00bbrgba(255,255,255,0.15)\u00bb content_max_width=\u00bb700px\u00bb content_max_width_tablet=\u00bb100%\u00bb content_max_width_phone=\u00bb\u00bb content_max_width_last_edited=\u00bbon|desktop\u00bb disabled_on=\u00bboff|off|off\u00bb _builder_version=\u00bb4.5.3&#8243; title_font=\u00bbMontserrat|600|||||||\u00bb title_text_color=\u00bb#ffffff\u00bb title_font_size=\u00bb60px\u00bb title_line_height=\u00bb1.4em\u00bb content_font=\u00bbMontserrat||||||||\u00bb content_text_color=\u00bb#ffffff\u00bb content_font_size=\u00bb17px\u00bb content_line_height=\u00bb1.9em\u00bb subhead_font=\u00bb|600|||||||\u00bb subhead_text_color=\u00bb#ffffff\u00bb subhead_font_size=\u00bb20px\u00bb subhead_line_height=\u00bb1.8em\u00bb background_enable_color=\u00bboff\u00bb use_background_color_gradient=\u00bbon\u00bb background_color_gradient_start=\u00bbrgba(255,78,115,0.94)\u00bb background_color_gradient_end=\u00bbrgba(44,126,183,0.86)\u00bb background_color_gradient_direction=\u00bb45deg\u00bb background_image=\u00bbhttp:\/\/innovateprogramme.com\/wp-content\/uploads\/2020\/11\/InnovateBackground-01.png\u00bb custom_button_one=\u00bbon\u00bb button_one_text_size=\u00bb14px\u00bb button_one_text_color=\u00bb#ffffff\u00bb button_one_bg_color=\u00bb#2c7eb7&#8243; button_one_bg_color_gradient_start=\u00bb#d883f8&#8243; button_one_bg_color_gradient_end=\u00bb#352DBE\u00bb button_one_bg_color_gradient_direction=\u00bb90deg\u00bb button_one_border_width=\u00bb10px\u00bb button_one_border_color=\u00bbrgba(0,0,0,0)\u00bb button_one_border_radius=\u00bb100px\u00bb button_one_letter_spacing=\u00bb3px\u00bb button_one_font=\u00bbRoboto|700||on|||||\u00bb custom_button_two=\u00bbon\u00bb button_two_text_size=\u00bb14px\u00bb button_two_text_color=\u00bb#000000&#8243; button_two_bg_color=\u00bb#ffffff\u00bb button_two_border_width=\u00bb10px\u00bb button_two_border_color=\u00bbrgba(0,0,0,0)\u00bb button_two_border_radius=\u00bb100px\u00bb button_two_letter_spacing=\u00bb3px\u00bb button_two_font=\u00bbRoboto|700||on|||||\u00bb button_two_custom_margin=\u00bb|||1px|false|false\u00bb background_layout=\u00bblight\u00bb custom_margin=\u00bb||||false\u00bb custom_padding=\u00bb2vw||2vw||true|\u00bb custom_padding_tablet=\u00bb250px||250px||true\u00bb custom_padding_last_edited=\u00bboff|desktop\u00bb hover_enabled=\u00bb0&#8243; title_font_size_tablet=\u00bb40px\u00bb title_font_size_phone=\u00bb32px\u00bb title_font_size_last_edited=\u00bbon|desktop\u00bb button_one_text_color_hover=\u00bb#ffffff\u00bb button_two_text_color_hover=\u00bb#ffffff\u00bb button_one_letter_spacing_hover=\u00bb3px\u00bb button_two_letter_spacing_hover=\u00bb3px\u00bb button_one_text_size__hover_enabled=\u00bboff\u00bb button_two_text_size__hover_enabled=\u00bboff\u00bb button_one_text_color__hover_enabled=\u00bbon\u00bb button_one_text_color__hover=\u00bb#ffffff\u00bb button_two_text_color__hover_enabled=\u00bbon|hover\u00bb button_two_text_color__hover=\u00bb#0c71c3&#8243; button_one_border_width__hover_enabled=\u00bboff\u00bb button_two_border_width__hover_enabled=\u00bboff\u00bb button_one_border_color__hover_enabled=\u00bboff\u00bb button_two_border_color__hover_enabled=\u00bboff\u00bb button_one_border_radius__hover_enabled=\u00bboff\u00bb button_two_border_radius__hover_enabled=\u00bboff\u00bb button_one_letter_spacing__hover_enabled=\u00bbon\u00bb button_one_letter_spacing__hover=\u00bb3px\u00bb button_two_letter_spacing__hover_enabled=\u00bbon\u00bb button_two_letter_spacing__hover=\u00bb3px\u00bb button_one_bg_color__hover_enabled=\u00bboff\u00bb button_two_bg_color__hover_enabled=\u00bboff\u00bb]<\/p>\n<p>&nbsp;<\/p>\n<p><span>\u00a0El Innovate Entrepreneurship Programme es un proyecto de la Fundaci\u00f3n Friedrich Naumann para la Libertad\u00a0que busca reunir los mejores proyectos de emprendimiento de Centroam\u00e9rica y M\u00e9xico.<\/span><\/p>\n<p>[\/et_pb_fullwidth_header][\/et_pb_section][et_pb_section fb_built=\u00bb1&#8243; admin_label=\u00bbSchedule\u00bb _builder_version=\u00bb3.22&#8243; max_width_tablet=\u00bb\u00bb max_width_phone=\u00bb100%\u00bb max_width_last_edited=\u00bbon|phone\u00bb custom_margin=\u00bb|||\u00bb custom_padding=\u00bb3px|0px|0px|0px|false|false\u00bb][et_pb_row column_structure=\u00bb1_2,1_2&#8243; _builder_version=\u00bb4.4.3&#8243;][et_pb_column type=\u00bb1_2&#8243; _builder_version=\u00bb4.4.3&#8243;][et_pb_text _builder_version=\u00bb4.4.3&#8243; text_font=\u00bbMontserrat||||||||\u00bb text_font_size=\u00bb16px\u00bb text_line_height=\u00bb1.9em\u00bb header_font=\u00bb||||||||\u00bb header_2_font=\u00bbMontserrat|700|||||||\u00bb header_2_font_size=\u00bb50px\u00bb header_2_line_height=\u00bb1.4em\u00bb header_2_font_size_tablet=\u00bb40px\u00bb header_2_font_size_phone=\u00bb32px\u00bb header_2_font_size_last_edited=\u00bbon|phone\u00bb]<\/p>\n<h2>\u00bfQU\u00c9 ES INNOVATE?<\/h2>\n<p><span>Es una iniciativa de organizada por la Alianza para Centroam\u00e9rica y M\u00e9xico en colaboraci\u00f3n con la Fundaci\u00f3n Friedrich Naumann para la Libertad, que tiene como objetivo fomentar la innovaci\u00f3n, el emprendimiento y la productividad en las econom\u00edas centroamericanas y mexicanas. Adem\u00e1s, funciona como un punto de reflexi\u00f3n de proyectos de emprendedores emergentes que desean generar cambios positivos en la regi\u00f3n.<\/span><\/p>\n<p>[\/et_pb_text][\/et_pb_column][et_pb_column type=\u00bb1_2&#8243; _builder_version=\u00bb4.4.3&#8243;][et_pb_image src=\u00bbhttp:\/\/innovateprogramme.com\/wp-content\/uploads\/2020\/11\/fnst-sm-1mexico.png\u00bb _builder_version=\u00bb4.4.3&#8243;][\/et_pb_image][et_pb_image src=\u00bbhttp:\/\/innovateprogramme.com\/wp-content\/uploads\/2024\/02\/Logo-Alianza-2024.png\u00bb title_text=\u00bbLogo-Alianza-2024&#8243; _builder_version=\u00bb4.5.3&#8243; width=\u00bb60%\u00bb min_height=\u00bb112px\u00bb custom_margin=\u00bb50px|||||\u00bb][\/et_pb_image][et_pb_image src=\u00bbhttp:\/\/innovateprogramme.com\/wp-content\/uploads\/2020\/11\/fnst-sm-1.png\u00bb _builder_version=\u00bb4.4.3&#8243; custom_margin=\u00bb50px|||||\u00bb][\/et_pb_image][\/et_pb_column][\/et_pb_row][\/et_pb_section][et_pb_section fb_built=\u00bb1&#8243; admin_label=\u00bbThe Location\u00bb _builder_version=\u00bb4.4.3&#8243; background_image=\u00bbhttp:\/\/innovateprogramme.com\/wp-content\/uploads\/2020\/11\/InnovateBackground-01.png\u00bb background_size=\u00bbinitial\u00bb background_position=\u00bbbottom_left\u00bb custom_padding=\u00bb54px|0px|0|0px|false|false\u00bb][et_pb_row column_structure=\u00bb1_2,1_2&#8243; _builder_version=\u00bb4.4.3&#8243;][et_pb_column type=\u00bb1_2&#8243; _builder_version=\u00bb4.4.3&#8243;][et_pb_text _builder_version=\u00bb4.4.3&#8243; text_font=\u00bbMontserrat||||||||\u00bb text_font_size=\u00bb16px\u00bb text_line_height=\u00bb1.9em\u00bb header_font=\u00bb||||||||\u00bb header_2_font=\u00bbMontserrat|700|||||||\u00bb header_2_font_size=\u00bb50px\u00bb header_2_line_height=\u00bb1.4em\u00bb header_2_font_size_tablet=\u00bb40px\u00bb header_2_font_size_phone=\u00bb32px\u00bb header_2_font_size_last_edited=\u00bbon|phone\u00bb]<\/p>\n<h2>Beneficios<\/h2>\n<p><span>Los emprendimientos ganadores acceden al Programa Innovate, en el cual pueden obtener beneficios como mentor\u00edas y capacitaciones. Tambi\u00e9n tendr\u00edan la oportunidad de competir en la Ciudad de Guatemala por el premio Innovate Entrepreneurship y el Premio Innovate al emprendimiento del a\u00f1o.<\/span><\/p>\n<p>[\/et_pb_text][\/et_pb_column][et_pb_column type=\u00bb1_2&#8243; _builder_version=\u00bb4.4.3&#8243;][et_pb_gallery _builder_version=\u00bb4.5.3&#8243; _module_preset=\u00bbdefault\u00bb hover_enabled=\u00bb0&#8243; gallery_ids=\u00bb2252,2251,2250,2249,2248,2253,2254&#8243; fullwidth=\u00bbon\u00bb][\/et_pb_gallery][\/et_pb_column][\/et_pb_row][\/et_pb_section][et_pb_section fb_built=\u00bb1&#8243; admin_label=\u00bbSchedule\u00bb _builder_version=\u00bb4.5.3&#8243; use_background_color_gradient=\u00bbon\u00bb background_color_gradient_start=\u00bb#2c7eb7&#8243; background_color_gradient_end=\u00bb#ff4e73&#8243; background_color_gradient_direction=\u00bb45deg\u00bb background_image=\u00bbhttp:\/\/innovateprogramme.com\/wp-content\/uploads\/2020\/11\/InnovateBackground-01.png\u00bb background_blend=\u00bbluminosity\u00bb max_width_tablet=\u00bb\u00bb max_width_phone=\u00bb100%\u00bb max_width_last_edited=\u00bbon|phone\u00bb custom_margin=\u00bb|||\u00bb custom_padding=\u00bb3px|0px|28px|0px|false|false\u00bb][et_pb_row _builder_version=\u00bb4.5.3&#8243; min_height=\u00bb421px\u00bb custom_padding=\u00bb50px||0px||false|false\u00bb][et_pb_column type=\u00bb4_4&#8243; _builder_version=\u00bb4.4.3&#8243;][et_pb_text _builder_version=\u00bb4.4.3&#8243; text_font=\u00bbMontserrat|500|||||||\u00bb text_text_color=\u00bb#ffffff\u00bb text_font_size=\u00bb20px\u00bb text_line_height=\u00bb1.9em\u00bb header_font=\u00bbMontserrat|700|||||||\u00bb header_text_color=\u00bb#ffffff\u00bb header_font_size=\u00bb50px\u00bb header_2_font=\u00bbMontserrat|700|||||||\u00bb header_2_text_color=\u00bb#ffffff\u00bb header_2_font_size=\u00bb50px\u00bb header_2_line_height=\u00bb1.2em\u00bb max_width=\u00bb700px\u00bb max_width_tablet=\u00bb\u00bb max_width_phone=\u00bb\u00bb max_width_last_edited=\u00bbon|desktop\u00bb module_alignment=\u00bbcenter\u00bb min_height=\u00bb97px\u00bb header_2_font_size_tablet=\u00bb40px\u00bb header_2_font_size_phone=\u00bb32px\u00bb header_2_font_size_last_edited=\u00bbon|phone\u00bb]<\/p>\n<h1 class=\"display-4 font-w-700 white-color m-25px-b\" style=\"text-align: center;\">\u00bfQuieres formar parte de ROADS to INNOVATE?<\/h1>\n<p style=\"text-align: center;\"><span style=\"font-size: 20px;\">\u00bfTienes un emprendimiento en alguna de las categor\u00edas de Innovate?<br \/><\/span><strong style=\"font-size: 20px;\">\u00a1Consulta nuestras bases de registro y participa!<\/strong><\/p>\n<p>[\/et_pb_text][et_pb_button button_url=\u00bbhttp:\/\/innovateprogramme.com\/wp-content\/uploads\/2025\/02\/Bases-de-Participacion-Road-MX-CA-2025.pdf\u00bb url_new_window=\u00bbon\u00bb button_text=\u00bbBASES DE PARTICIPACI\u00d3N\u00bb button_alignment=\u00bbcenter\u00bb _builder_version=\u00bb4.5.3&#8243; custom_button=\u00bbon\u00bb button_text_size=\u00bb14px\u00bb button_text_color=\u00bb#000000&#8243; button_bg_color=\u00bb#ffffff\u00bb button_border_width=\u00bb0px\u00bb button_border_radius=\u00bb100px\u00bb button_letter_spacing=\u00bb3px\u00bb button_font=\u00bbMontserrat|700|||||||\u00bb button_icon=\u00bb%%215%%\u00bb button_icon_color=\u00bb#000000&#8243; button_on_hover=\u00bboff\u00bb custom_padding=\u00bb10px|20%|10px|20%|false|false\u00bb][\/et_pb_button][et_pb_button button_url=\u00bbhttp:\/\/innovateprogramme.com\/index.php\/registro-roads-to-innovate\u00bb url_new_window=\u00bbon\u00bb button_text=\u00bbREGISTRARSE COMO CONCURSANTE\u00bb button_alignment=\u00bbcenter\u00bb _builder_version=\u00bb4.5.3&#8243; custom_button=\u00bbon\u00bb button_text_size=\u00bb14px\u00bb button_text_color=\u00bb#ffffff\u00bb button_bg_color=\u00bb#ff4e73&#8243; button_border_width=\u00bb0px\u00bb button_border_radius=\u00bb100px\u00bb button_letter_spacing=\u00bb3px\u00bb button_font=\u00bbMontserrat|700|||||||\u00bb custom_padding=\u00bb10px|15%|10px|15%|false|false\u00bb][\/et_pb_button][\/et_pb_column][\/et_pb_row][\/et_pb_section][et_pb_section fb_built=\u00bb1&#8243; _builder_version=\u00bb4.4.3&#8243;][et_pb_row _builder_version=\u00bb4.4.3&#8243;][et_pb_column type=\u00bb4_4&#8243; _builder_version=\u00bb4.4.3&#8243;][et_pb_text _builder_version=\u00bb4.4.3&#8243; text_font=\u00bbMontserrat||||||||\u00bb text_font_size=\u00bb20px\u00bb text_line_height=\u00bb1.9em\u00bb header_font=\u00bb||||||||\u00bb header_2_font=\u00bbMontserrat|700|||||||\u00bb header_2_font_size=\u00bb50px\u00bb header_2_line_height=\u00bb1.2em\u00bb max_width=\u00bb700px\u00bb max_width_tablet=\u00bb\u00bb max_width_phone=\u00bb\u00bb max_width_last_edited=\u00bbon|desktop\u00bb module_alignment=\u00bbcenter\u00bb header_2_font_size_tablet=\u00bb40px\u00bb header_2_font_size_phone=\u00bb32px\u00bb header_2_font_size_last_edited=\u00bbon|phone\u00bb]<\/p>\n<h2>Preguntas Frecuentes<\/h2>\n<p>[\/et_pb_text][\/et_pb_column][\/et_pb_row][et_pb_row column_structure=\u00bb1_2,1_2&#8243; _builder_version=\u00bb4.4.3&#8243;][et_pb_column type=\u00bb1_2&#8243; _builder_version=\u00bb4.4.3&#8243;][et_pb_accordion _builder_version=\u00bb4.4.3&#8243;][et_pb_accordion_item title=\u00bb\u00bfTiene costo la inscripci\u00f3n?\u00bb open=\u00bbon\u00bb icon_color=\u00bb#0c71c3&#8243; _builder_version=\u00bb4.4.3&#8243;]<\/p>\n<p><span>No, la inscripci\u00f3n es completamente gratuita.<\/span><\/p>\n<p>[\/et_pb_accordion_item][et_pb_accordion_item title=\u00bbSi ya llen\u00e9 mi registro, significa que estoy inscrito? \u00bb icon_color=\u00bb#0c71c3&#8243; _builder_version=\u00bb4.4.3&#8243; open=\u00bboff\u00bb]<\/p>\n<p>S\u00ed, recibir\u00e1s un mail de confirmaci\u00f3n.<\/p>\n<p>[\/et_pb_accordion_item][\/et_pb_accordion][\/et_pb_column][et_pb_column type=\u00bb1_2&#8243; _builder_version=\u00bb4.4.3&#8243;][et_pb_accordion icon_color=\u00bb#0c71c3&#8243; _builder_version=\u00bb4.4.3&#8243;][et_pb_accordion_item title=\u00bb\u00bfCu\u00e1l es el siguiente paso para la inscripci\u00f3n?\u00bb open=\u00bbon\u00bb _builder_version=\u00bb4.4.3&#8243;]<\/p>\n<div class=\"acco-des\">Nos comunicaremos contigo para extenderte la invitaci\u00f3n formal al evento en la ciudad que seleccionaste.<\/div>\n<p>[\/et_pb_accordion_item][et_pb_accordion_item title=\u00bb\u00bfTengo otra duda que no se relaciona con las preguntas que vienen aqu\u00ed?\u00bb icon_color=\u00bb#0c71c3&#8243; _builder_version=\u00bb4.4.3&#8243; open=\u00bboff\u00bb]<\/p>\n<p>Por favor escr\u00edbennos al siguiente email:#<\/p>\n<p>[\/et_pb_accordion_item][\/et_pb_accordion][\/et_pb_column][\/et_pb_row][\/et_pb_section][et_pb_section fb_built=\u00bb1&#8243; admin_label=\u00bbSubscribe\u00bb _builder_version=\u00bb4.4.3&#8243; use_background_color_gradient=\u00bbon\u00bb background_color_gradient_start=\u00bb#2c7eb7&#8243; background_color_gradient_end=\u00bb#ff4e73&#8243; background_color_gradient_direction=\u00bb45deg\u00bb background_image=\u00bbhttp:\/\/innovateprogramme.com\/wp-content\/uploads\/2020\/10\/dots-2.png\u00bb custom_margin=\u00bb|||\u00bb custom_padding=\u00bb100px||100px||true\u00bb saved_tabs=\u00bball\u00bb][et_pb_row _builder_version=\u00bb4.4.3&#8243;][et_pb_column type=\u00bb4_4&#8243; _builder_version=\u00bb4.4.3&#8243;][et_pb_text _builder_version=\u00bb4.4.3&#8243; text_font=\u00bbMontserrat||||||||\u00bb text_text_color=\u00bb#ffffff\u00bb header_2_text_align=\u00bbcenter\u00bb header_2_text_color=\u00bb#ffffff\u00bb header_2_font_size=\u00bb49px\u00bb]<\/p>\n<h2>\u00a1Suscr\u00edbete al Evento!<\/h2>\n<p>[\/et_pb_text][et_pb_button button_url=\u00bbhttp:\/\/innovateprogramme.com\/index.php\/registro-roads-to-innovate\u00bb url_new_window=\u00bbon\u00bb button_text=\u00bbREGISTRARSE COMO CONCURSANTE\u00bb button_alignment=\u00bbcenter\u00bb _builder_version=\u00bb4.5.3&#8243; custom_button=\u00bbon\u00bb button_text_size=\u00bb14px\u00bb button_text_color=\u00bb#ffffff\u00bb button_bg_color=\u00bb#ff4e73&#8243; button_border_width=\u00bb0px\u00bb button_border_radius=\u00bb100px\u00bb button_letter_spacing=\u00bb3px\u00bb button_font=\u00bbMontserrat|700|||||||\u00bb custom_padding=\u00bb10px|15%|10px|15%|false|false\u00bb][\/et_pb_button][\/et_pb_column][\/et_pb_row][\/et_pb_section]<\/p>\n","protected":false},"excerpt":{"rendered":"<p>[et_pb_section fb_built=\u00bb1&#8243; fullwidth=\u00bbon\u00bb admin_label=\u00bbHeader\u00bb _builder_version=\u00bb4.5.3&#8243; background_image=\u00bbhttp:\/\/innovateprogramme.com\/wp-content\/uploads\/2025\/02\/Innovate-Summit-2024-377-scaled.jpg\u00bb custom_padding=\u00bb|||\u00bb animation_style=\u00bbslide\u00bb animation_direction=\u00bbtop\u00bb animation_intensity_slide=\u00bb2%\u00bb hover_enabled=\u00bb0&#8243; title_text=\u00bbInnovate Summit 2024-377&#8243;][et_pb_fullwidth_header title=\u00bb\u00a1Se parte de nuestra cultura de negocios en Centroam\u00e9rica y M\u00e9xico!\u00bb button_one_text=\u00bbReg\u00edstrate como Concursante\u00bb button_one_url=\u00bbhttps:\/\/innovateprogramme.com\/index.php\/registro-roads-to-innovate\/\u00bb background_overlay_color=\u00bbrgba(255,255,255,0.15)\u00bb content_max_width=\u00bb700px\u00bb content_max_width_tablet=\u00bb100%\u00bb content_max_width_phone=\u00bb\u00bb content_max_width_last_edited=\u00bbon|desktop\u00bb disabled_on=\u00bboff|off|off\u00bb _builder_version=\u00bb4.5.3&#8243; title_font=\u00bbMontserrat|600|||||||\u00bb title_text_color=\u00bb#ffffff\u00bb title_font_size=\u00bb60px\u00bb title_line_height=\u00bb1.4em\u00bb content_font=\u00bbMontserrat||||||||\u00bb content_text_color=\u00bb#ffffff\u00bb content_font_size=\u00bb17px\u00bb content_line_height=\u00bb1.9em\u00bb subhead_font=\u00bb|600|||||||\u00bb subhead_text_color=\u00bb#ffffff\u00bb subhead_font_size=\u00bb20px\u00bb subhead_line_height=\u00bb1.8em\u00bb background_enable_color=\u00bboff\u00bb use_background_color_gradient=\u00bbon\u00bb background_color_gradient_start=\u00bbrgba(255,78,115,0.94)\u00bb background_color_gradient_end=\u00bbrgba(44,126,183,0.86)\u00bb background_color_gradient_direction=\u00bb45deg\u00bb background_image=\u00bbhttp:\/\/innovateprogramme.com\/wp-content\/uploads\/2020\/11\/InnovateBackground-01.png\u00bb custom_button_one=\u00bbon\u00bb [&hellip;]<\/p>\n","protected":false},"author":1,"featured_media":0,"parent":0,"menu_order":0,"comment_status":"closed","ping_status":"closed","template":"","meta":{"_et_pb_use_builder":"on","_et_pb_old_content":"","_et_gb_content_width":"","_monsterinsights_skip_tracking":false,"_monsterinsights_sitenote_active":false,"_monsterinsights_sitenote_note":"","_monsterinsights_sitenote_category":0,"footnotes":""},"class_list":["post-9","page","type-page","status-publish","hentry"],"_links":{"self":[{"href":"https:\/\/innovateprogramme.com\/index.php\/wp-json\/wp\/v2\/pages\/9","targetHints":{"allow":["GET"]}}],"collection":[{"href":"https:\/\/innovateprogramme.com\/index.php\/wp-json\/wp\/v2\/pages"}],"about":[{"href":"https:\/\/innovateprogramme.com\/index.php\/wp-json\/wp\/v2\/types\/page"}],"author":[{"embeddable":true,"href":"https:\/\/innovateprogramme.com\/index.php\/wp-json\/wp\/v2\/users\/1"}],"replies":[{"embeddable":true,"href":"https:\/\/innovateprogramme.com\/index.php\/wp-json\/wp\/v2\/comments?post=9"}],"version-history":[{"count":79,"href":"https:\/\/innovateprogramme.com\/index.php\/wp-json\/wp\/v2\/pages\/9\/revisions"}],"predecessor-version":[{"id":2257,"href":"https:\/\/innovateprogramme.com\/index.php\/wp-json\/wp\/v2\/pages\/9\/revisions\/2257"}],"wp:attachment":[{"href":"https:\/\/innovateprogramme.com\/index.php\/wp-json\/wp\/v2\/media?parent=9"}],"curies":[{"name":"wp","href":"https:\/\/api.w.org\/{rel}","templated":true}]}}