{"id":872,"date":"2021-04-26T00:29:05","date_gmt":"2021-04-26T06:29:05","guid":{"rendered":"http:\/\/innovateprogramme.com\/?page_id=872"},"modified":"2021-04-26T00:30:22","modified_gmt":"2021-04-26T06:30:22","slug":"guatemala-2021","status":"publish","type":"page","link":"https:\/\/innovateprogramme.com\/index.php\/guatemala-2021\/","title":{"rendered":"Guatemala 2021"},"content":{"rendered":"<p>[et_pb_section fb_built=\u00bb1&#8243; _builder_version=\u00bb4.4.3&#8243;][et_pb_row _builder_version=\u00bb4.4.3&#8243;][et_pb_column type=\u00bb4_4&#8243; _builder_version=\u00bb4.4.3&#8243;][et_pb_text _builder_version=\u00bb4.4.3&#8243; header_font=\u00bb|700|||||||\u00bb header_text_color=\u00bb#0c71c3&#8243; header_font_size=\u00bb100px\u00bb]<\/p>\n<h1>Road to Innovate<br \/><span style=\"color: #ff4e73;\">Guatemala 2021<\/span><\/h1>\n<p>[\/et_pb_text][et_pb_text _builder_version=\u00bb4.4.3&#8243; text_font_size=\u00bb20px\u00bb]<\/p>\n<p>Convocatoria y registro de emprendimientos: <b>del &#8212; de &#8212;- al &#8212; de &#8212; 2021<\/b><\/p>\n<p>[\/et_pb_text][et_pb_button button_url=\u00bb@ET-DC@eyJkeW5hbWljIjp0cnVlLCJjb250ZW50IjoicG9zdF9saW5rX3VybF9wYWdlIiwic2V0dGluZ3MiOnsicG9zdF9pZCI6IjExMCJ9fQ==@\u00bb button_text=\u00bbReg\u00edstrate aqu\u00ed\u00bb _builder_version=\u00bb4.4.3&#8243; _dynamic_attributes=\u00bbbutton_url\u00bb custom_button=\u00bbon\u00bb button_text_color=\u00bb#ffffff\u00bb button_bg_color=\u00bb#0c71c3&#8243; button_border_radius=\u00bb50px\u00bb][\/et_pb_button][\/et_pb_column][\/et_pb_row][\/et_pb_section][et_pb_section fb_built=\u00bb1&#8243; custom_padding_last_edited=\u00bbon|tablet\u00bb admin_label=\u00bbSchedule\u00bb _builder_version=\u00bb4.4.3&#8243; background_color=\u00bb#fcfcfc\u00bb background_color_gradient_direction=\u00bb90deg\u00bb background_image=\u00bbhttp:\/\/innovateprogramme.com\/wp-content\/uploads\/2020\/11\/Innovate_Logo-2020W.png\u00bb background_size=\u00bbcontain\u00bb background_position=\u00bbtop_center\u00bb width=\u00bb100%\u00bb max_width_tablet=\u00bb\u00bb max_width_phone=\u00bb100%\u00bb max_width_last_edited=\u00bbon|phone\u00bb custom_margin=\u00bb|||\u00bb custom_padding=\u00bb|10vw||\u00bb custom_padding_tablet=\u00bb|0vw||\u00bb custom_padding_phone=\u00bb\u00bb border_color_all=\u00bb#2c7eb7&#8243; border_width_left=\u00bb10vw\u00bb locked=\u00bboff\u00bb][et_pb_row _builder_version=\u00bb3.25&#8243; custom_margin=\u00bb|auto|1px|auto||\u00bb locked=\u00bboff\u00bb][et_pb_column type=\u00bb4_4&#8243; _builder_version=\u00bb3.25&#8243; custom_padding=\u00bb|||\u00bb custom_padding__hover=\u00bb|||\u00bb][et_pb_text _builder_version=\u00bb4.4.3&#8243; text_font=\u00bb||||||||\u00bb text_font_size=\u00bb20px\u00bb text_line_height=\u00bb1.9em\u00bb header_font=\u00bb||||||||\u00bb header_2_font=\u00bbMontserrat|300|||||||\u00bb header_2_font_size=\u00bb60px\u00bb header_2_line_height=\u00bb1.2em\u00bb max_width=\u00bb1015px\u00bb max_width_tablet=\u00bb\u00bb max_width_phone=\u00bb\u00bb max_width_last_edited=\u00bbon|desktop\u00bb custom_padding=\u00bb|0px||||\u00bb header_2_font_size_tablet=\u00bb40px\u00bb header_2_font_size_phone=\u00bb32px\u00bb header_2_font_size_last_edited=\u00bbon|phone\u00bb]<\/p>\n<h2 style=\"text-align: justify;\"><b>\u00bfQu\u00e9 es?<\/b><\/h2>\n<p style=\"text-align: justify;\"><b>Road to Innovate<\/b> es un programa de actividades realizadas en las principales ciudades de M\u00e9xico y Centroam\u00e9rica para convocar y preparar a emprendedores emergentes que cuenten con una idea de negocio innovadora, ya establecida y en proceso de consolidaci\u00f3n.<\/p>\n<p style=\"text-align: justify;\">Los emprendedores finalistas seleccionados durante la convocatoria, podr\u00e1n acceder a la plataforma y comunidad del Innovate Entrepreneurship Programme, en donde se preparar\u00e1n para competir por categor\u00edas en el evento final de Roads to Innovate Guatemala 2021. Los ganadores de cada categor\u00eda tendr\u00e1n la oportunidad de presentar su proyecto y representar a su pa\u00eds en el Innovate Entrepreneurship Summit en Guatemala.<\/p>\n<p>[\/et_pb_text][\/et_pb_column][\/et_pb_row][et_pb_row _builder_version=\u00bb3.25&#8243; custom_margin=\u00bb|auto|1px|auto||\u00bb locked=\u00bboff\u00bb][et_pb_column type=\u00bb4_4&#8243; _builder_version=\u00bb3.25&#8243; custom_padding=\u00bb|||\u00bb custom_padding__hover=\u00bb|||\u00bb][et_pb_text _builder_version=\u00bb4.4.3&#8243; text_font=\u00bb||||||||\u00bb text_font_size=\u00bb20px\u00bb text_line_height=\u00bb1.9em\u00bb header_font=\u00bb||||||||\u00bb header_2_font=\u00bbMontserrat|300|||||||\u00bb header_2_font_size=\u00bb60px\u00bb header_2_line_height=\u00bb1.2em\u00bb max_width=\u00bb1043px\u00bb max_width_tablet=\u00bb\u00bb max_width_phone=\u00bb\u00bb max_width_last_edited=\u00bbon|desktop\u00bb custom_margin=\u00bb|-25px||||\u00bb header_2_font_size_tablet=\u00bb40px\u00bb header_2_font_size_phone=\u00bb32px\u00bb header_2_font_size_last_edited=\u00bbon|phone\u00bb]<\/p>\n<h2 style=\"text-align: left;\"><b>\u00bfPor qu\u00e9 participar en el Road to Innovate Guatemala 2021?<\/b><\/h2>\n<p><strong>Los finalistas recibir\u00e1n acceso a:<\/strong><\/p>\n<ul>\n<li>Di\u00e1logo y mentor\u00edas con\u00a0expertos en temas de innovaci\u00f3n, emprendimiento,\u00a0liderazgo, inversi\u00f3n y negocios.<\/li>\n<li>Diplomados para consolidar su estrategia de negocio.<\/li>\n<li>Unirse a la comunidad emprendedora de Innovate, con acceso a\u00a0espacios permanentes de networking, mentor\u00edas, lightning talks y pitch decks.<\/li>\n<li>Oportunidad de acercar sus productos o servicios a m\u00e1s personas<\/li>\n<\/ul>\n<p>[\/et_pb_text][\/et_pb_column][\/et_pb_row][et_pb_row _builder_version=\u00bb3.25&#8243; custom_margin=\u00bb|auto|2px|auto||\u00bb locked=\u00bboff\u00bb][et_pb_column type=\u00bb4_4&#8243; _builder_version=\u00bb3.25&#8243; custom_padding=\u00bb|||\u00bb custom_padding__hover=\u00bb|||\u00bb][et_pb_text _builder_version=\u00bb4.4.3&#8243; text_font=\u00bb||||||||\u00bb text_font_size=\u00bb20px\u00bb text_line_height=\u00bb1.9em\u00bb header_font=\u00bb||||||||\u00bb header_2_font=\u00bbMontserrat|300|||||||\u00bb header_2_font_size=\u00bb60px\u00bb header_2_line_height=\u00bb1.2em\u00bb max_width=\u00bb1043px\u00bb max_width_tablet=\u00bb\u00bb max_width_phone=\u00bb\u00bb max_width_last_edited=\u00bbon|desktop\u00bb custom_margin=\u00bb|-25px||||\u00bb header_2_font_size_tablet=\u00bb40px\u00bb header_2_font_size_phone=\u00bb32px\u00bb header_2_font_size_last_edited=\u00bbon|phone\u00bb]<\/p>\n<h2 style=\"text-align: left;\"><b>\u00bfQui\u00e9n Puede participar?<\/b><\/h2>\n<p>Emprendedores emergentes con productos o servicios innovadores, que desean generar cambios en su regi\u00f3n cuyo emprendimiento est\u00e1 dentro de las categor\u00edas de:<\/p>\n<ul><\/ul>\n<p>[\/et_pb_text][\/et_pb_column][\/et_pb_row][et_pb_row column_structure=\u00bb1_4,3_4&#8243; _builder_version=\u00bb4.4.3&#8243;][et_pb_column type=\u00bb1_4&#8243; _builder_version=\u00bb4.4.3&#8243;][et_pb_image src=\u00bbhttp:\/\/innovateprogramme.com\/wp-content\/uploads\/2021\/04\/SALUD-TEXTO-1.png\u00bb _builder_version=\u00bb4.4.3&#8243; width=\u00bb100%\u00bb max_width=\u00bb100%\u00bb][\/et_pb_image][\/et_pb_column][et_pb_column type=\u00bb3_4&#8243; _builder_version=\u00bb4.4.3&#8243;][et_pb_text _builder_version=\u00bb4.4.3&#8243; text_font_size=\u00bb20px\u00bb text_line_height=\u00bb2em\u00bb custom_margin=\u00bb||46px|||\u00bb border_radii=\u00bbon|3px|3px|3px|3px\u00bb]<\/p>\n<p style=\"text-align: justify;\"><span><strong><\/strong><\/span><\/p>\n<p style=\"text-align: justify;\"><span><strong>Salud.<\/strong><\/span><\/p>\n<p style=\"text-align: justify;\"><span>Negocios de innovaci\u00f3n (productos, procesos y experiencia) en el sector salud.<\/span><\/p>\n<p>[\/et_pb_text][\/et_pb_column][\/et_pb_row][et_pb_row column_structure=\u00bb1_4,3_4&#8243; _builder_version=\u00bb4.4.3&#8243; min_height=\u00bb186px\u00bb][et_pb_column type=\u00bb1_4&#8243; _builder_version=\u00bb4.4.3&#8243;][et_pb_image src=\u00bbhttp:\/\/innovateprogramme.com\/wp-content\/uploads\/2021\/04\/SMART-CITIES-1.png\u00bb _builder_version=\u00bb4.4.3&#8243; width=\u00bb100%\u00bb max_width=\u00bb100%\u00bb][\/et_pb_image][\/et_pb_column][et_pb_column type=\u00bb3_4&#8243; _builder_version=\u00bb4.4.3&#8243;][et_pb_text _builder_version=\u00bb4.4.3&#8243; text_font_size=\u00bb20px\u00bb text_line_height=\u00bb2em\u00bb custom_margin=\u00bb||46px|||\u00bb border_radii=\u00bbon|3px|3px|3px|3px\u00bb]<\/p>\n<p><b style=\"font-size: 20px; text-align: justify;\">Smart Cities.<\/b><\/p>\n<p>\u00a0<span style=\"font-size: 20px; text-align: justify;\">Negocios dentro de la tem\u00e1tica de Smart Cities (Start-up, Movilidad, Accesbilidad, Resiliencia y Transparencia).<\/span><\/p>\n<p>[\/et_pb_text][\/et_pb_column][\/et_pb_row][et_pb_row column_structure=\u00bb1_4,3_4&#8243; _builder_version=\u00bb4.4.3&#8243; custom_margin=\u00bb-24px|auto||auto||\u00bb][et_pb_column type=\u00bb1_4&#8243; _builder_version=\u00bb4.4.3&#8243;][et_pb_image src=\u00bbhttp:\/\/innovateprogramme.com\/wp-content\/uploads\/2021\/04\/ENERGIA-1.png\u00bb _builder_version=\u00bb4.4.3&#8243; width=\u00bb100%\u00bb max_width=\u00bb100%\u00bb][\/et_pb_image][\/et_pb_column][et_pb_column type=\u00bb3_4&#8243; _builder_version=\u00bb4.4.3&#8243;][et_pb_text _builder_version=\u00bb4.4.3&#8243; text_font_size=\u00bb20px\u00bb text_line_height=\u00bb2em\u00bb custom_margin=\u00bb||46px|||\u00bb border_radii=\u00bbon|3px|3px|3px|3px\u00bb]<\/p>\n<p style=\"text-align: justify;\"><b>Energ\u00eda.<\/b><\/p>\n<p style=\"text-align: justify;\"><span>Negocios enfocados en energ\u00eda, movilidad el\u00e9ctrica, mercado el\u00e9ctrico, nuevas tecnolog\u00edas y similares.\u00a0<\/span><\/p>\n<p>[\/et_pb_text][\/et_pb_column][\/et_pb_row][et_pb_row column_structure=\u00bb1_4,3_4&#8243; _builder_version=\u00bb4.4.3&#8243; min_height=\u00bb210px\u00bb][et_pb_column type=\u00bb1_4&#8243; _builder_version=\u00bb4.4.3&#8243;][et_pb_image src=\u00bbhttp:\/\/innovateprogramme.com\/wp-content\/uploads\/2021\/04\/PANDEMIA.png\u00bb _builder_version=\u00bb4.4.3&#8243; width=\u00bb100%\u00bb max_width=\u00bb100%\u00bb][\/et_pb_image][\/et_pb_column][et_pb_column type=\u00bb3_4&#8243; _builder_version=\u00bb4.4.3&#8243;][et_pb_text _builder_version=\u00bb4.4.3&#8243; text_font_size=\u00bb20px\u00bb text_line_height=\u00bb2em\u00bb custom_margin=\u00bb||46px|||\u00bb border_radii=\u00bbon|3px|3px|3px|3px\u00bb]<\/p>\n<p style=\"text-align: justify;\"><strong style=\"font-size: 20px;\"><\/strong><\/p>\n<p style=\"text-align: justify;\"><strong style=\"font-size: 20px;\">Emprendiendo en Tiempos de Pandemia.<\/strong><\/p>\n<p style=\"text-align: justify;\"><span>Negocios creados o adaptados\u00a0durante la pandemia.<\/span><\/p>\n<p>[\/et_pb_text][\/et_pb_column][\/et_pb_row][et_pb_row column_structure=\u00bb1_4,3_4&#8243; _builder_version=\u00bb4.4.3&#8243; min_height=\u00bb188px\u00bb custom_margin=\u00bb-23px|auto||auto||\u00bb custom_padding=\u00bb47px||0px|||\u00bb][et_pb_column type=\u00bb1_4&#8243; _builder_version=\u00bb4.4.3&#8243;][et_pb_image src=\u00bbhttp:\/\/innovateprogramme.com\/wp-content\/uploads\/2021\/04\/TECNOLOGIA-1.png\u00bb _builder_version=\u00bb4.4.3&#8243; width=\u00bb100%\u00bb max_width=\u00bb100%\u00bb][\/et_pb_image][\/et_pb_column][et_pb_column type=\u00bb3_4&#8243; _builder_version=\u00bb4.4.3&#8243;][et_pb_text _builder_version=\u00bb4.4.3&#8243; text_font_size=\u00bb20px\u00bb text_line_height=\u00bb2em\u00bb custom_margin=\u00bb||46px|||\u00bb border_radii=\u00bbon|3px|3px|3px|3px\u00bb]<\/p>\n<p style=\"text-align: justify;\"><b style=\"font-size: 20px;\">General<\/b><\/p>\n<p style=\"text-align: justify;\"><span>Emprendimientos innovadores, tecnol\u00f3gicos, excluyendo<br \/> emprendimientos de subsistencia (p.ej. producci\u00f3n de alimentos)<\/span><\/p>\n<p>[\/et_pb_text][\/et_pb_column][\/et_pb_row][et_pb_row _builder_version=\u00bb4.4.3&#8243; min_height=\u00bb302px\u00bb custom_margin=\u00bb|auto|-52px|auto||\u00bb][et_pb_column type=\u00bb4_4&#8243; _builder_version=\u00bb4.4.3&#8243;][et_pb_text _builder_version=\u00bb4.4.3&#8243; text_font=\u00bb||||||||\u00bb text_font_size=\u00bb20px\u00bb text_line_height=\u00bb1.9em\u00bb header_font=\u00bb||||||||\u00bb header_2_font=\u00bbMontserrat|300|||||||\u00bb header_2_font_size=\u00bb60px\u00bb header_2_line_height=\u00bb1.2em\u00bb max_width=\u00bb1043px\u00bb max_width_tablet=\u00bb\u00bb max_width_phone=\u00bb\u00bb max_width_last_edited=\u00bbon|desktop\u00bb custom_margin=\u00bb|-25px||||\u00bb header_2_font_size_tablet=\u00bb40px\u00bb header_2_font_size_phone=\u00bb32px\u00bb header_2_font_size_last_edited=\u00bbon|phone\u00bb]<\/p>\n<h2 style=\"text-align: left;\"><strong style=\"font-size: 20px; color: #666666;\">Debe ser un Start-Up\/emprendimiento:<\/strong><\/h2>\n<ul>\n<ul>\n<ul>\n<li>Constituido en Guatemala.<\/li>\n<li>Con un producto m\u00ednimo viable.<\/li>\n<li>Que tiene existencia de al menos un a\u00f1o y de m\u00e1ximo 10 a\u00f1os\u00a0 excepto\u00a0para emprendimientos nuevos que van a competir en la categor\u00eda \u201cEmprendiendo\u00a0en Tiempos de Pandemia\u201d<\/li>\n<li>Con al menos un fundador del Start-Up\/emprendimiento tiene entre 20 y 35\u00a0a\u00f1os de edad.<\/li>\n<li>Start-Ups\/emprendimientos que hayan participado en ediciones anteriores\u00a0del proyecto Innovate y no hayan ganado, pueden participar nuevamente.<\/li>\n<\/ul>\n<\/ul>\n<\/ul>\n<p>[\/et_pb_text][\/et_pb_column][\/et_pb_row][et_pb_row _builder_version=\u00bb3.25&#8243; custom_margin=\u00bb||60px|\u00bb locked=\u00bboff\u00bb][et_pb_column type=\u00bb4_4&#8243; _builder_version=\u00bb3.25&#8243; custom_padding=\u00bb|||\u00bb custom_padding__hover=\u00bb|||\u00bb][et_pb_text _builder_version=\u00bb4.4.3&#8243; text_font=\u00bb||||||||\u00bb text_font_size=\u00bb20px\u00bb text_line_height=\u00bb1.9em\u00bb header_font=\u00bb||||||||\u00bb header_2_font=\u00bbMontserrat|300|||||||\u00bb header_2_font_size=\u00bb60px\u00bb header_2_line_height=\u00bb1.2em\u00bb max_width=\u00bb1043px\u00bb max_width_tablet=\u00bb\u00bb max_width_phone=\u00bb\u00bb max_width_last_edited=\u00bbon|desktop\u00bb custom_margin=\u00bb|-25px||||\u00bb header_2_font_size_tablet=\u00bb40px\u00bb header_2_font_size_phone=\u00bb32px\u00bb header_2_font_size_last_edited=\u00bbon|phone\u00bb]<\/p>\n<h2><b>\u00bfC\u00f3mo puedo participar?<\/b><\/h2>\n<p>Llenar el formulario, con sus datos de contacto e informaci\u00f3n breve sobre tu\u00a0proyecto (no hay ning\u00fan costo para registrar ni participar en el final)[\/et_pb_text][et_pb_text _builder_version=\u00bb4.4.3&#8243; text_font_size=\u00bb34px\u00bb]<\/p>\n<p style=\"text-align: center;\">Convocatoria y registro de emprendimientos:<\/p>\n<p style=\"text-align: center;\"><b>del &#8212; de &#8212; al &#8212; de &#8212; 2021<\/b><\/p>\n<p>[\/et_pb_text][et_pb_button button_url=\u00bb@ET-DC@eyJkeW5hbWljIjp0cnVlLCJjb250ZW50IjoicG9zdF9saW5rX3VybF9wYWdlIiwic2V0dGluZ3MiOnsicG9zdF9pZCI6IjM2OSJ9fQ==@\u00bb button_text=\u00bbReg\u00edstrate aqu\u00ed\u00bb button_alignment=\u00bbcenter\u00bb _builder_version=\u00bb4.4.3&#8243; _dynamic_attributes=\u00bbbutton_url\u00bb custom_button=\u00bbon\u00bb button_text_color=\u00bb#ffffff\u00bb button_bg_color=\u00bb#0c71c3&#8243; button_border_radius=\u00bb50px\u00bb][\/et_pb_button][et_pb_button button_url=\u00bbhttp:\/\/innovateprogramme.com\/wp-content\/uploads\/2020\/11\/Innovate-Entrepreneurship-Programme_brief.pdf\u00bb url_new_window=\u00bbon\u00bb button_text=\u00bbVer bases de participaci\u00f3n\u00bb button_alignment=\u00bbcenter\u00bb _builder_version=\u00bb4.4.3&#8243; custom_button=\u00bbon\u00bb button_text_color=\u00bb#ffffff\u00bb button_bg_color=\u00bb#ff4e73&#8243; button_border_radius=\u00bb50px\u00bb][\/et_pb_button][\/et_pb_column][\/et_pb_row][\/et_pb_section][et_pb_section fb_built=\u00bb1&#8243; admin_label=\u00bbSponsors\u00bb _builder_version=\u00bb3.22&#8243;][et_pb_row _builder_version=\u00bb3.25&#8243;][et_pb_column type=\u00bb4_4&#8243; _builder_version=\u00bb3.25&#8243; custom_padding=\u00bb|||\u00bb custom_padding__hover=\u00bb|||\u00bb][et_pb_text _builder_version=\u00bb4.4.3&#8243; text_font=\u00bbMontserrat||||||||\u00bb text_font_size=\u00bb20px\u00bb text_line_height=\u00bb1.9em\u00bb header_font=\u00bb||||||||\u00bb header_2_font=\u00bbMontserrat|300|||||||\u00bb header_2_font_size=\u00bb50px\u00bb header_2_line_height=\u00bb1.2em\u00bb text_orientation=\u00bbcenter\u00bb max_width=\u00bb700px\u00bb max_width_tablet=\u00bb\u00bb max_width_phone=\u00bb\u00bb max_width_last_edited=\u00bbon|desktop\u00bb module_alignment=\u00bbcenter\u00bb header_2_font_size_tablet=\u00bb40px\u00bb header_2_font_size_phone=\u00bb32px\u00bb header_2_font_size_last_edited=\u00bbon|phone\u00bb]<\/p>\n<h2><strong>Organizan:<\/strong><\/h2>\n<p>[\/et_pb_text][\/et_pb_column][\/et_pb_row][et_pb_row column_structure=\u00bb1_3,1_3,1_3&#8243; _builder_version=\u00bb3.25&#8243; custom_margin_tablet=\u00bb\u00bb custom_margin_phone=\u00bb\u00bb custom_margin_last_edited=\u00bbon|phone\u00bb][et_pb_column type=\u00bb1_3&#8243; _builder_version=\u00bb3.25&#8243; custom_padding=\u00bb|||\u00bb custom_padding__hover=\u00bb|||\u00bb][et_pb_image src=\u00bbhttp:\/\/innovateprogramme.com\/wp-content\/uploads\/2020\/11\/fnst-sm-1mexico.png\u00bb align_tablet=\u00bbcenter\u00bb align_phone=\u00bb\u00bb align_last_edited=\u00bbon|desktop\u00bb _builder_version=\u00bb4.4.3&#8243; module_alignment=\u00bbcenter\u00bb custom_margin=\u00bb|||\u00bb animation_style=\u00bbzoom\u00bb animation_direction=\u00bbbottom\u00bb animation_intensity_zoom=\u00bb10%\u00bb][\/et_pb_image][\/et_pb_column][et_pb_column type=\u00bb1_3&#8243; _builder_version=\u00bb3.25&#8243; custom_padding=\u00bb|||\u00bb custom_padding__hover=\u00bb|||\u00bb][et_pb_image src=\u00bbhttp:\/\/innovateprogramme.com\/wp-content\/uploads\/2020\/12\/LOGO-ALIANZA-fondo-blanco.jpg\u00bb align_tablet=\u00bbcenter\u00bb align_phone=\u00bb\u00bb align_last_edited=\u00bbon|desktop\u00bb _builder_version=\u00bb4.4.3&#8243; module_alignment=\u00bbcenter\u00bb custom_margin=\u00bb|||\u00bb animation_style=\u00bbzoom\u00bb animation_direction=\u00bbbottom\u00bb animation_intensity_zoom=\u00bb10%\u00bb][\/et_pb_image][\/et_pb_column][et_pb_column type=\u00bb1_3&#8243; _builder_version=\u00bb3.25&#8243; custom_padding=\u00bb|||\u00bb custom_padding__hover=\u00bb|||\u00bb][et_pb_image src=\u00bbhttp:\/\/innovateprogramme.com\/wp-content\/uploads\/2020\/11\/fnst-sm-1.png\u00bb align_tablet=\u00bbcenter\u00bb align_phone=\u00bb\u00bb align_last_edited=\u00bbon|desktop\u00bb _builder_version=\u00bb4.4.3&#8243; module_alignment=\u00bbcenter\u00bb custom_margin=\u00bb|||\u00bb animation_style=\u00bbzoom\u00bb animation_direction=\u00bbbottom\u00bb animation_intensity_zoom=\u00bb10%\u00bb][\/et_pb_image][\/et_pb_column][\/et_pb_row][\/et_pb_section]<\/p>\n","protected":false},"excerpt":{"rendered":"<p>[et_pb_section fb_built=\u00bb1&#8243; _builder_version=\u00bb4.4.3&#8243;][et_pb_row _builder_version=\u00bb4.4.3&#8243;][et_pb_column type=\u00bb4_4&#8243; _builder_version=\u00bb4.4.3&#8243;][et_pb_text _builder_version=\u00bb4.4.3&#8243; header_font=\u00bb|700|||||||\u00bb header_text_color=\u00bb#0c71c3&#8243; header_font_size=\u00bb100px\u00bb] Road to InnovateGuatemala 2021 [\/et_pb_text][et_pb_text _builder_version=\u00bb4.4.3&#8243; text_font_size=\u00bb20px\u00bb] Convocatoria y registro de emprendimientos: del &#8212; de &#8212;- al &#8212; de &#8212; 2021 [\/et_pb_text][et_pb_button button_url=\u00bb@ET-DC@eyJkeW5hbWljIjp0cnVlLCJjb250ZW50IjoicG9zdF9saW5rX3VybF9wYWdlIiwic2V0dGluZ3MiOnsicG9zdF9pZCI6IjExMCJ9fQ==@\u00bb button_text=\u00bbReg\u00edstrate aqu\u00ed\u00bb _builder_version=\u00bb4.4.3&#8243; _dynamic_attributes=\u00bbbutton_url\u00bb custom_button=\u00bbon\u00bb button_text_color=\u00bb#ffffff\u00bb button_bg_color=\u00bb#0c71c3&#8243; button_border_radius=\u00bb50px\u00bb][\/et_pb_button][\/et_pb_column][\/et_pb_row][\/et_pb_section][et_pb_section fb_built=\u00bb1&#8243; custom_padding_last_edited=\u00bbon|tablet\u00bb admin_label=\u00bbSchedule\u00bb _builder_version=\u00bb4.4.3&#8243; background_color=\u00bb#fcfcfc\u00bb background_color_gradient_direction=\u00bb90deg\u00bb background_image=\u00bbhttp:\/\/innovateprogramme.com\/wp-content\/uploads\/2020\/11\/Innovate_Logo-2020W.png\u00bb background_size=\u00bbcontain\u00bb background_position=\u00bbtop_center\u00bb width=\u00bb100%\u00bb max_width_tablet=\u00bb\u00bb max_width_phone=\u00bb100%\u00bb max_width_last_edited=\u00bbon|phone\u00bb custom_margin=\u00bb|||\u00bb [&hellip;]<\/p>\n","protected":false},"author":1,"featured_media":0,"parent":0,"menu_order":0,"comment_status":"closed","ping_status":"closed","template":"","meta":{"_et_pb_use_builder":"on","_et_pb_old_content":"","_et_gb_content_width":"","_monsterinsights_skip_tracking":false,"_monsterinsights_sitenote_active":false,"_monsterinsights_sitenote_note":"","_monsterinsights_sitenote_category":0,"footnotes":""},"class_list":["post-872","page","type-page","status-publish","hentry"],"_links":{"self":[{"href":"https:\/\/innovateprogramme.com\/index.php\/wp-json\/wp\/v2\/pages\/872","targetHints":{"allow":["GET"]}}],"collection":[{"href":"https:\/\/innovateprogramme.com\/index.php\/wp-json\/wp\/v2\/pages"}],"about":[{"href":"https:\/\/innovateprogramme.com\/index.php\/wp-json\/wp\/v2\/types\/page"}],"author":[{"embeddable":true,"href":"https:\/\/innovateprogramme.com\/index.php\/wp-json\/wp\/v2\/users\/1"}],"replies":[{"embeddable":true,"href":"https:\/\/innovateprogramme.com\/index.php\/wp-json\/wp\/v2\/comments?post=872"}],"version-history":[{"count":2,"href":"https:\/\/innovateprogramme.com\/index.php\/wp-json\/wp\/v2\/pages\/872\/revisions"}],"predecessor-version":[{"id":875,"href":"https:\/\/innovateprogramme.com\/index.php\/wp-json\/wp\/v2\/pages\/872\/revisions\/875"}],"wp:attachment":[{"href":"https:\/\/innovateprogramme.com\/index.php\/wp-json\/wp\/v2\/media?parent=872"}],"curies":[{"name":"wp","href":"https:\/\/api.w.org\/{rel}","templated":true}]}}