{"id":332,"date":"2020-12-09T02:20:28","date_gmt":"2020-12-09T08:20:28","guid":{"rendered":"http:\/\/innovateprogramme.com\/?page_id=332"},"modified":"2021-03-19T12:47:20","modified_gmt":"2021-03-19T18:47:20","slug":"innovate-costa-rica","status":"publish","type":"page","link":"https:\/\/innovateprogramme.com\/index.php\/innovate-costa-rica\/","title":{"rendered":"Innovate Costa Rica"},"content":{"rendered":"<p>[et_pb_section fb_built=\u00bb1&#8243; fullwidth=\u00bbon\u00bb admin_label=\u00bbHeader\u00bb _builder_version=\u00bb4.4.3&#8243; use_background_color_gradient=\u00bbon\u00bb background_color_gradient_start=\u00bb#2c7eb7&#8243; background_color_gradient_end=\u00bb#ff4e73&#8243; background_image=\u00bbhttp:\/\/innovateprogramme.com\/wp-content\/uploads\/2020\/11\/InnovateBackground-01.png\u00bb parallax=\u00bbon\u00bb custom_padding=\u00bb|||\u00bb animation_style=\u00bbslide\u00bb animation_direction=\u00bbtop\u00bb animation_intensity_slide=\u00bb2%\u00bb][et_pb_fullwidth_image src=\u00bbhttp:\/\/innovateprogramme.com\/wp-content\/uploads\/2020\/12\/InnovateCostaRica-scaled.jpg\u00bb _builder_version=\u00bb4.4.3&#8243;][\/et_pb_fullwidth_image][\/et_pb_section][et_pb_section fb_built=\u00bb1&#8243; _builder_version=\u00bb4.4.3&#8243; use_background_color_gradient=\u00bbon\u00bb background_color_gradient_end=\u00bb#ff4e73&#8243; background_image=\u00bbhttp:\/\/innovateprogramme.com\/wp-content\/uploads\/2020\/11\/InnovateBackground-01.png\u00bb][et_pb_row _builder_version=\u00bb4.4.3&#8243;][et_pb_column type=\u00bb4_4&#8243; _builder_version=\u00bb4.4.3&#8243;][et_pb_text _builder_version=\u00bb4.4.3&#8243; text_font=\u00bb||||||||\u00bb text_font_size=\u00bb20px\u00bb text_line_height=\u00bb1.9em\u00bb header_font=\u00bb||||||||\u00bb header_2_font=\u00bbMontserrat|300|||||||\u00bb header_2_text_color=\u00bb#ffffff\u00bb header_2_font_size=\u00bb50px\u00bb header_2_line_height=\u00bb1.2em\u00bb max_width=\u00bb700px\u00bb max_width_tablet=\u00bb\u00bb max_width_phone=\u00bb\u00bb max_width_last_edited=\u00bbon|desktop\u00bb header_2_font_size_tablet=\u00bb40px\u00bb header_2_font_size_phone=\u00bb32px\u00bb header_2_font_size_last_edited=\u00bbon|phone\u00bb]<\/p>\n<h2><strong>JURADO<\/strong><\/h2>\n<p>&nbsp;<\/p>\n<p><strong><\/strong><\/p>\n<p>[\/et_pb_text][\/et_pb_column][\/et_pb_row][et_pb_row column_structure=\u00bb1_3,1_3,1_3&#8243; _builder_version=\u00bb4.4.3&#8243;][et_pb_column type=\u00bb1_3&#8243; _builder_version=\u00bb4.4.3&#8243;][et_pb_accordion _builder_version=\u00bb4.4.3&#8243; toggle_font=\u00bb|700|||||||\u00bb][et_pb_accordion_item title=\u00bbAna Yanci Carmona\u00bb open=\u00bbon\u00bb _builder_version=\u00bb4.4.3&#8243;]Ana Yanci Carmona es Presidenta de la Asociaci\u00f3n de Emprendedores de Costa Rica. Es<br \/>\nfundadora y actual directora de su StartUp Yann Method, una empresa que ofrece<br \/>\neducaci\u00f3n musical basada en las matem\u00e1ticas, con la cual se ha convertido en autora de<br \/>\nuna metodolog\u00eda y sistema educativo innovador. Estudi\u00f3 Piano Cl\u00e1sico y Educaci\u00f3n<br \/>\nPreescolar en la Universidad de Costa Rica, temas de negocios en diferentes institutos,<br \/>\nas\u00ed como Emprendimiento e Innovaci\u00f3n en la Universidad EAN. Es compositora y<br \/>\nviolinista en la Orquesta Sinf\u00f3nica Miguel Arango.[\/et_pb_accordion_item][\/et_pb_accordion][\/et_pb_column][et_pb_column type=\u00bb1_3&#8243; _builder_version=\u00bb4.4.3&#8243;][\/et_pb_column][et_pb_column type=\u00bb1_3&#8243; _builder_version=\u00bb4.4.3&#8243;][\/et_pb_column][\/et_pb_row][et_pb_row _builder_version=\u00bb4.4.3&#8243;][et_pb_column type=\u00bb4_4&#8243; _builder_version=\u00bb4.4.3&#8243;][et_pb_text _builder_version=\u00bb4.4.3&#8243; text_font=\u00bb||||||||\u00bb text_font_size=\u00bb20px\u00bb text_line_height=\u00bb1.9em\u00bb header_font=\u00bb||||||||\u00bb header_2_font=\u00bbMontserrat|300|||||||\u00bb header_2_text_color=\u00bb#ffffff\u00bb header_2_font_size=\u00bb50px\u00bb header_2_line_height=\u00bb1.2em\u00bb max_width=\u00bb700px\u00bb max_width_tablet=\u00bb\u00bb max_width_phone=\u00bb\u00bb max_width_last_edited=\u00bbon|desktop\u00bb header_2_font_size_tablet=\u00bb40px\u00bb header_2_font_size_phone=\u00bb32px\u00bb header_2_font_size_last_edited=\u00bbon|phone\u00bb]<\/p>\n<h2><b>MENTORES<\/b>\u00a0<\/h2>\n<p><strong><\/strong><\/p>\n<p>[\/et_pb_text][\/et_pb_column][\/et_pb_row][et_pb_row column_structure=\u00bb1_3,1_3,1_3&#8243; _builder_version=\u00bb4.4.3&#8243;][et_pb_column type=\u00bb1_3&#8243; _builder_version=\u00bb4.4.3&#8243;][et_pb_accordion _builder_version=\u00bb4.4.3&#8243; toggle_font=\u00bb|700|||||||\u00bb][et_pb_accordion_item title=\u00bbAnne Marie Nouel\u00bb open=\u00bbon\u00bb _builder_version=\u00bb4.4.3&#8243;]Anne Marie Nouel tiene experiencia de 23 a\u00f1os en la industria de consumo masivo.<br \/>\nCuenta con expertise en gerencia, liderazgo de equipos de alto desempe\u00f1o, planificaci\u00f3n<br \/>\nestrat\u00e9gica, trade marketing, ventas, mercadeo digital y servicio al cliente. Es Co-<br \/>\nfundadora y Directora Ejecutiva de Bemus Solutions, una plataforma digital de apoyo a<br \/>\nPymes y emprendedores emergentes. Anne Marie Nouel trabaj\u00f3 en importantes empresas<br \/>\nen Costa Rica como ser Florida Bebidas y Kellog Company. En Venuzuela labor\u00f3 en<br \/>\nColgate y Empresas Polar. Cuenta con una Maestr\u00eda en Administraci\u00f3n de Empresas, as\u00ed<br \/>\ncomo una certificaci\u00f3n en Digital Marketing.[\/et_pb_accordion_item][\/et_pb_accordion][\/et_pb_column][et_pb_column type=\u00bb1_3&#8243; _builder_version=\u00bb4.4.3&#8243;][et_pb_accordion _builder_version=\u00bb4.4.3&#8243; toggle_font=\u00bb|700|||||||\u00bb][et_pb_accordion_item title=\u00bbJatzury Ordaz\u00bb open=\u00bbon\u00bb closed_toggle_text_color=\u00bb#0c71c3&#8243; _builder_version=\u00bb4.4.3&#8243;]Jazury Ordaz es consultora y emprendedora con m\u00e1s de quince a\u00f1os de experiencia en<br \/>\nestrategias de marketing digital, inteligencia de mercado, informes y procesos financieros.<br \/>\nDesde Bemus Solutions, empresa de la cual es socia-fundadora, asesora a negocios y<br \/>\nempresas emergentes que buscan crecer usando herramientas digitales. Cuenta con una<br \/>\nLicenciatura en Administraci\u00f3n de Empresas por la Universidad Cat\u00f3lica Andr\u00e9s Bello,<br \/>\nasimismo una certificaci\u00f3n como T\u00e9cnico Superior en Social Media y Community Manager<br \/>\npor el Instituto Internacional de Marketing.[\/et_pb_accordion_item][\/et_pb_accordion][\/et_pb_column][et_pb_column type=\u00bb1_3&#8243; _builder_version=\u00bb4.4.3&#8243;][et_pb_accordion _builder_version=\u00bb4.4.3&#8243; toggle_font=\u00bb|700|||||||\u00bb][et_pb_accordion_item title=\u00bbYaoska Chavarr\u00eda\u00bb open=\u00bbon\u00bb closed_toggle_text_color=\u00bb#0c71c3&#8243; _builder_version=\u00bb4.4.3&#8243;]Yaoska Chavarr\u00eda es Licenciada en Administraci\u00f3n de Empresas con \u00e9nfasis en bancas y<br \/>\nfinanzas. Cuenta con m\u00e1s de 15 a\u00f1os de experiencia en capacitaci\u00f3n, asesor\u00eda y<br \/>\nconsultor\u00eda en el campo de la micro y mediana empresa, de diferentes sectores a nivel del<br \/>\nmercado costarricense. Yaoska Chavarr\u00eda es especialista en finanzas, mercadeo<br \/>\ntradicional y digital, modelos de negocios, estrategias de comercializaci\u00f3n, incubaci\u00f3n y<br \/>\ndesarrollo de ideas de negocio, desarrollo y aceleraci\u00f3n de nuevos emprendimientos,<br \/>\naceleraci\u00f3n empresarial, as\u00ed como dise\u00f1o de estrategias empresariales.[\/et_pb_accordion_item][\/et_pb_accordion][\/et_pb_column][\/et_pb_row][et_pb_row column_structure=\u00bb1_3,1_3,1_3&#8243; _builder_version=\u00bb4.4.3&#8243;][et_pb_column type=\u00bb1_3&#8243; _builder_version=\u00bb4.4.3&#8243;][et_pb_accordion _builder_version=\u00bb4.4.3&#8243; toggle_font=\u00bb|700|||||||\u00bb][et_pb_accordion_item title=\u00bbLuis Diego Piedra\u00bb open=\u00bbon\u00bb _builder_version=\u00bb4.4.3&#8243;]Luis Diego Piedra cuenta con amplia experiencia en la formaci\u00f3n, consultor\u00eda y asistencia t\u00e9cnica de empresas PYMES, corporativos e instituciones. Es experto en el dise\u00f1o y desarrollo estrat\u00e9gico de negocios, desarrollo organizacional, proyectos asociativos y encadenamientos productivos. Luis Diego Piedra es emprendedor por naturaleza con excelente manejo de la comunicaci\u00f3n con los p\u00fablicos meta. Combina la mentalidad empresarial con la filosof\u00eda del bienestar com\u00fan en los desarrollos econ\u00f3micos a nivel local, bajo el enfoque sist\u00e9mico. Es Director de L Piedra Consultor\u00eda Empresarial y Socio Fundador de Litio Plus. Tiene una Maestr\u00eda en Administraci\u00f3n de Empresas por la<br \/>\nUniversidad Metropolitana Castro Carazo.[\/et_pb_accordion_item][\/et_pb_accordion][\/et_pb_column][et_pb_column type=\u00bb1_3&#8243; _builder_version=\u00bb4.4.3&#8243;][et_pb_accordion _builder_version=\u00bb4.4.3&#8243; toggle_font=\u00bb|700|||||||\u00bb][et_pb_accordion_item title=\u00bbLuis Daniel Ram\u00edrez\u00bb open=\u00bbon\u00bb closed_toggle_text_color=\u00bb#0c71c3&#8243; _builder_version=\u00bb4.4.3&#8243;]Luis Daniel Ram\u00edrez es Director Ejecutivo de Yo Emprendedor, una empresa social que<br \/>\nbusca desarrollar emprendedores y consolidar un ecosistema emprendedor adecuado para propiciar la creaci\u00f3n de nuevos negocios en Costa Rica y Centroam\u00e9rica como un medio de desarrollo social, generador de fuentes de ingresos, formador de econom\u00edas locales y habilitador de oportunidades. Actualmente Luis Daniel Ram\u00edrez estudia la Licenciatura en Relaciones Internacionales en la Universidad Nacional. Fue Delegado Oficial de Costa Rica en el Congreso Mundial de Emprendimiento de Medell\u00edn en 2016.<br \/>\nParticip\u00f3 en el International Visitor Leadership Program del Departamento de Estado de los Estados Unidos sobre &quot;Entrepreneurship as the Engine of Prosperity and Stability &#8211; Small Business Development&quot;, as\u00ed como en el Entrepreneurship Program for Innovators And Changemakers de Epic.[\/et_pb_accordion_item][\/et_pb_accordion][\/et_pb_column][et_pb_column type=\u00bb1_3&#8243; _builder_version=\u00bb4.4.3&#8243;][et_pb_accordion _builder_version=\u00bb4.4.3&#8243; toggle_font=\u00bb|700|||||||\u00bb][et_pb_accordion_item title=\u00bbMauricio Mel\u00e9ndez\u00bb open=\u00bbon\u00bb closed_toggle_text_color=\u00bb#0c71c3&#8243; _builder_version=\u00bb4.4.3&#8243;]Asesor en Mercadeo y Ventas con especialidad en Marketing Digital y gran experiencia en administraci\u00f3n de RRSS. Generador de contenidos, creador y dise\u00f1ador de marca personal y empresarial, as\u00ed como estrategias de mercadeo y advertising. Dise\u00f1ador publicitario y dise\u00f1ador web certificado. Orador y facilitador de diversas capacitaciones y<br \/>\nwebinars, colaborando a empresas, municipalidades y universidades. Estudiando<br \/>\navanzado de Administraci\u00f3n en Comercio Internacional y t\u00e9cnico en mercadeo y ventas.[\/et_pb_accordion_item][\/et_pb_accordion][\/et_pb_column][\/et_pb_row][et_pb_row column_structure=\u00bb1_3,1_3,1_3&#8243; _builder_version=\u00bb4.4.3&#8243;][et_pb_column type=\u00bb1_3&#8243; _builder_version=\u00bb4.4.3&#8243;][et_pb_accordion _builder_version=\u00bb4.4.3&#8243; toggle_font=\u00bb|700|||||||\u00bb][et_pb_accordion_item title=\u00bbErick Mora\u00bb open=\u00bbon\u00bb _builder_version=\u00bb4.4.3&#8243;][\/et_pb_accordion_item][\/et_pb_accordion][\/et_pb_column][et_pb_column type=\u00bb1_3&#8243; _builder_version=\u00bb4.4.3&#8243;][\/et_pb_column][et_pb_column type=\u00bb1_3&#8243; _builder_version=\u00bb4.4.3&#8243;][\/et_pb_column][\/et_pb_row][\/et_pb_section][et_pb_section fb_built=\u00bb1&#8243; custom_padding_last_edited=\u00bbon|tablet\u00bb admin_label=\u00bbSchedule\u00bb _builder_version=\u00bb4.4.3&#8243; background_color=\u00bb#fcfcfc\u00bb background_color_gradient_direction=\u00bb90deg\u00bb background_image=\u00bbhttp:\/\/innovateprogramme.com\/wp-content\/uploads\/2020\/11\/Innovate_Logo-2020W.png\u00bb background_size=\u00bbcontain\u00bb background_position=\u00bbtop_center\u00bb width=\u00bb100%\u00bb max_width_tablet=\u00bb\u00bb max_width_phone=\u00bb100%\u00bb max_width_last_edited=\u00bbon|phone\u00bb custom_margin=\u00bb|||\u00bb custom_padding=\u00bb|10vw||\u00bb custom_padding_tablet=\u00bb|0vw||\u00bb custom_padding_phone=\u00bb\u00bb border_color_all=\u00bb#2c7eb7&#8243; border_width_left=\u00bb10vw\u00bb locked=\u00bboff\u00bb][et_pb_row _builder_version=\u00bb3.25&#8243; custom_margin=\u00bb||60px|\u00bb locked=\u00bboff\u00bb][et_pb_column type=\u00bb4_4&#8243; _builder_version=\u00bb3.25&#8243; custom_padding=\u00bb|||\u00bb custom_padding__hover=\u00bb|||\u00bb][et_pb_text _builder_version=\u00bb4.4.3&#8243; text_font=\u00bb||||||||\u00bb text_font_size=\u00bb20px\u00bb text_line_height=\u00bb1.9em\u00bb header_font=\u00bb||||||||\u00bb header_2_font=\u00bbMontserrat|300|||||||\u00bb header_2_font_size=\u00bb50px\u00bb header_2_line_height=\u00bb1.2em\u00bb max_width=\u00bb700px\u00bb max_width_tablet=\u00bb\u00bb max_width_phone=\u00bb\u00bb max_width_last_edited=\u00bbon|desktop\u00bb header_2_font_size_tablet=\u00bb40px\u00bb header_2_font_size_phone=\u00bb32px\u00bb header_2_font_size_last_edited=\u00bbon|phone\u00bb]<\/p>\n<h2><b>11 DE DICIEMBRE 2020<span color=\"#666666\" style=\"color: #666666;\"><span style=\"font-size: 20px;\">\u00a0<\/span><\/span><\/b><\/h2>\n<p><strong><\/strong><\/p>\n<p>[\/et_pb_text][\/et_pb_column][\/et_pb_row][et_pb_row column_structure=\u00bb1_4,1_2,1_4&#8243; _builder_version=\u00bb3.25&#8243; custom_margin_tablet=\u00bb|||\u00bb custom_margin_phone=\u00bb|||\u00bb custom_margin_last_edited=\u00bbon|desktop\u00bb animation_style=\u00bbzoom\u00bb animation_direction=\u00bbtop\u00bb animation_intensity_zoom=\u00bb10%\u00bb border_color_all=\u00bbrgba(51,51,51,0.05)\u00bb border_width_bottom=\u00bb2px\u00bb][et_pb_column type=\u00bb1_4&#8243; _builder_version=\u00bb3.25&#8243; custom_padding=\u00bb|||\u00bb custom_padding__hover=\u00bb|||\u00bb][et_pb_text _builder_version=\u00bb4.4.3&#8243; text_line_height=\u00bb1.9em\u00bb header_font=\u00bb||||||||\u00bb header_6_font=\u00bbRoboto|||on|||||\u00bb header_6_font_size=\u00bb20px\u00bb header_6_line_height=\u00bb1.2em\u00bb]<\/p>\n<h6>16:30 hrs<\/h6>\n<p>[\/et_pb_text][\/et_pb_column][et_pb_column type=\u00bb1_2&#8243; _builder_version=\u00bb3.25&#8243; custom_padding=\u00bb|||\u00bb custom_padding__hover=\u00bb|||\u00bb][et_pb_text _builder_version=\u00bb4.4.3&#8243; text_font=\u00bb||||||||\u00bb text_line_height=\u00bb1.9em\u00bb header_font=\u00bb||||||||\u00bb header_3_font=\u00bb||||||||\u00bb header_4_font=\u00bb||||||||\u00bb header_5_font=\u00bbRoboto||||||||\u00bb header_5_text_color=\u00bb#00b2e5&#8243; header_5_line_height=\u00bb1.4em\u00bb header_6_font=\u00bb||||||||\u00bb]<\/p>\n<h5>Bienvenida<\/h5>\n<p>[\/et_pb_text][\/et_pb_column][et_pb_column type=\u00bb1_4&#8243; _builder_version=\u00bb3.25&#8243; custom_padding=\u00bb|||\u00bb custom_padding__hover=\u00bb|||\u00bb][\/et_pb_column][\/et_pb_row][et_pb_row column_structure=\u00bb1_4,1_2,1_4&#8243; _builder_version=\u00bb3.25&#8243; custom_margin_tablet=\u00bb|||\u00bb custom_margin_phone=\u00bb|||\u00bb custom_margin_last_edited=\u00bbon|desktop\u00bb animation_style=\u00bbzoom\u00bb animation_direction=\u00bbtop\u00bb animation_intensity_zoom=\u00bb10%\u00bb border_color_all=\u00bbrgba(51,51,51,0.05)\u00bb border_width_bottom=\u00bb2px\u00bb][et_pb_column type=\u00bb1_4&#8243; _builder_version=\u00bb3.25&#8243; custom_padding=\u00bb|||\u00bb custom_padding__hover=\u00bb|||\u00bb][et_pb_text _builder_version=\u00bb4.4.3&#8243; text_line_height=\u00bb1.9em\u00bb header_font=\u00bb||||||||\u00bb header_6_font=\u00bbRoboto|||on|||||\u00bb header_6_font_size=\u00bb20px\u00bb header_6_line_height=\u00bb1.2em\u00bb]<\/p>\n<h6>16:40 hrs<\/h6>\n<p>[\/et_pb_text][\/et_pb_column][et_pb_column type=\u00bb1_2&#8243; _builder_version=\u00bb3.25&#8243; custom_padding=\u00bb|||\u00bb custom_padding__hover=\u00bb|||\u00bb][et_pb_text _builder_version=\u00bb4.4.3&#8243; text_font=\u00bb||||||||\u00bb text_line_height=\u00bb1.9em\u00bb header_font=\u00bb||||||||\u00bb header_3_font=\u00bb||||||||\u00bb header_4_font=\u00bb||||||||\u00bb header_5_font=\u00bbRoboto||||||||\u00bb header_5_text_color=\u00bb#00b2e5&#8243; header_5_line_height=\u00bb1.4em\u00bb header_6_font=\u00bb||||||||\u00bb]<\/p>\n<h5>Pitches: los finalistas presentan sus proyectos<\/h5>\n<p>&nbsp;<\/p>\n<p>[\/et_pb_text][\/et_pb_column][et_pb_column type=\u00bb1_4&#8243; _builder_version=\u00bb3.25&#8243; custom_padding=\u00bb|||\u00bb custom_padding__hover=\u00bb|||\u00bb][\/et_pb_column][\/et_pb_row][et_pb_row column_structure=\u00bb1_4,1_2,1_4&#8243; _builder_version=\u00bb3.25&#8243; custom_margin_tablet=\u00bb|||\u00bb custom_margin_phone=\u00bb|||\u00bb custom_margin_last_edited=\u00bbon|desktop\u00bb animation_style=\u00bbzoom\u00bb animation_direction=\u00bbtop\u00bb animation_intensity_zoom=\u00bb10%\u00bb border_color_all=\u00bbrgba(51,51,51,0.05)\u00bb border_width_bottom=\u00bb2px\u00bb][et_pb_column type=\u00bb1_4&#8243; _builder_version=\u00bb3.25&#8243; custom_padding=\u00bb|||\u00bb custom_padding__hover=\u00bb|||\u00bb][et_pb_text _builder_version=\u00bb4.4.3&#8243; text_line_height=\u00bb1.9em\u00bb header_font=\u00bb||||||||\u00bb header_6_font=\u00bbRoboto|||on|||||\u00bb header_6_font_size=\u00bb20px\u00bb header_6_line_height=\u00bb1.2em\u00bb]<\/p>\n<h6>18:00 hrs<\/h6>\n<p>[\/et_pb_text][\/et_pb_column][et_pb_column type=\u00bb1_2&#8243; _builder_version=\u00bb3.25&#8243; custom_padding=\u00bb|||\u00bb custom_padding__hover=\u00bb|||\u00bb][et_pb_text _builder_version=\u00bb4.4.3&#8243; text_font=\u00bb||||||||\u00bb text_line_height=\u00bb1.9em\u00bb header_font=\u00bb||||||||\u00bb header_3_font=\u00bb||||||||\u00bb header_4_font=\u00bb||||||||\u00bb header_5_font=\u00bbRoboto||||||||\u00bb header_5_text_color=\u00bb#00b2e5&#8243; header_5_line_height=\u00bb1.4em\u00bb header_6_font=\u00bb||||||||\u00bb]<\/p>\n<h5>Panel de Expertos:<\/h5>\n<p>[\/et_pb_text][\/et_pb_column][et_pb_column type=\u00bb1_4&#8243; _builder_version=\u00bb3.25&#8243; custom_padding=\u00bb|||\u00bb custom_padding__hover=\u00bb|||\u00bb][\/et_pb_column][\/et_pb_row][et_pb_row column_structure=\u00bb1_4,1_2,1_4&#8243; _builder_version=\u00bb3.25&#8243; custom_margin_tablet=\u00bb|||\u00bb custom_margin_phone=\u00bb|||\u00bb custom_margin_last_edited=\u00bbon|desktop\u00bb animation_style=\u00bbzoom\u00bb animation_direction=\u00bbtop\u00bb animation_intensity_zoom=\u00bb10%\u00bb border_color_all=\u00bbrgba(51,51,51,0.05)\u00bb border_width_bottom=\u00bb2px\u00bb][et_pb_column type=\u00bb1_4&#8243; _builder_version=\u00bb3.25&#8243; custom_padding=\u00bb|||\u00bb custom_padding__hover=\u00bb|||\u00bb][et_pb_text _builder_version=\u00bb4.4.3&#8243; text_line_height=\u00bb1.9em\u00bb header_font=\u00bb||||||||\u00bb header_6_font=\u00bbRoboto|||on|||||\u00bb header_6_font_size=\u00bb20px\u00bb header_6_line_height=\u00bb1.2em\u00bb]<\/p>\n<h6>18:45 hrs<\/h6>\n<p>[\/et_pb_text][\/et_pb_column][et_pb_column type=\u00bb1_2&#8243; _builder_version=\u00bb3.25&#8243; custom_padding=\u00bb|||\u00bb custom_padding__hover=\u00bb|||\u00bb][et_pb_text _builder_version=\u00bb4.4.3&#8243; text_font=\u00bb||||||||\u00bb text_line_height=\u00bb1.9em\u00bb header_font=\u00bb||||||||\u00bb header_3_font=\u00bb||||||||\u00bb header_4_font=\u00bb||||||||\u00bb header_5_font=\u00bbRoboto||||||||\u00bb header_5_text_color=\u00bb#00b2e5&#8243; header_5_line_height=\u00bb1.4em\u00bb header_6_font=\u00bb||||||||\u00bb]<\/p>\n<h5>Resultados finales y cierre del evento<\/h5>\n<p>[\/et_pb_text][\/et_pb_column][et_pb_column type=\u00bb1_4&#8243; _builder_version=\u00bb3.25&#8243; custom_padding=\u00bb|||\u00bb custom_padding__hover=\u00bb|||\u00bb][\/et_pb_column][\/et_pb_row][\/et_pb_section][et_pb_section fb_built=\u00bb1&#8243; admin_label=\u00bbSponsors\u00bb _builder_version=\u00bb3.22&#8243;][et_pb_row _builder_version=\u00bb3.25&#8243;][et_pb_column type=\u00bb4_4&#8243; _builder_version=\u00bb3.25&#8243; custom_padding=\u00bb|||\u00bb custom_padding__hover=\u00bb|||\u00bb][et_pb_text _builder_version=\u00bb4.4.3&#8243; text_font=\u00bbMontserrat||||||||\u00bb text_font_size=\u00bb20px\u00bb text_line_height=\u00bb1.9em\u00bb header_font=\u00bb||||||||\u00bb header_2_font=\u00bbMontserrat|300|||||||\u00bb header_2_font_size=\u00bb50px\u00bb header_2_line_height=\u00bb1.2em\u00bb text_orientation=\u00bbcenter\u00bb max_width=\u00bb700px\u00bb max_width_tablet=\u00bb\u00bb max_width_phone=\u00bb\u00bb max_width_last_edited=\u00bbon|desktop\u00bb module_alignment=\u00bbcenter\u00bb header_2_font_size_tablet=\u00bb40px\u00bb header_2_font_size_phone=\u00bb32px\u00bb header_2_font_size_last_edited=\u00bbon|phone\u00bb]<\/p>\n<h2><strong>Organizan:<\/strong><\/h2>\n<p>[\/et_pb_text][\/et_pb_column][\/et_pb_row][et_pb_row column_structure=\u00bb1_3,1_3,1_3&#8243; _builder_version=\u00bb3.25&#8243; custom_margin_tablet=\u00bb\u00bb custom_margin_phone=\u00bb\u00bb custom_margin_last_edited=\u00bbon|phone\u00bb][et_pb_column type=\u00bb1_3&#8243; _builder_version=\u00bb3.25&#8243; custom_padding=\u00bb|||\u00bb custom_padding__hover=\u00bb|||\u00bb][et_pb_image src=\u00bbhttp:\/\/innovateprogramme.com\/wp-content\/uploads\/2020\/11\/fnst-sm-1mexico.png\u00bb align_tablet=\u00bbcenter\u00bb align_phone=\u00bb\u00bb align_last_edited=\u00bbon|desktop\u00bb _builder_version=\u00bb4.4.3&#8243; module_alignment=\u00bbcenter\u00bb custom_margin=\u00bb|||\u00bb animation_style=\u00bbzoom\u00bb animation_direction=\u00bbbottom\u00bb animation_intensity_zoom=\u00bb10%\u00bb][\/et_pb_image][\/et_pb_column][et_pb_column type=\u00bb1_3&#8243; _builder_version=\u00bb3.25&#8243; custom_padding=\u00bb|||\u00bb custom_padding__hover=\u00bb|||\u00bb][et_pb_image src=\u00bbhttp:\/\/innovateprogramme.com\/wp-content\/uploads\/2020\/12\/LOGO-ALIANZA-fondo-blanco.jpg\u00bb align_tablet=\u00bbcenter\u00bb align_phone=\u00bb\u00bb align_last_edited=\u00bbon|desktop\u00bb _builder_version=\u00bb4.4.3&#8243; module_alignment=\u00bbcenter\u00bb custom_margin=\u00bb|||\u00bb animation_style=\u00bbzoom\u00bb animation_direction=\u00bbbottom\u00bb animation_intensity_zoom=\u00bb10%\u00bb][\/et_pb_image][\/et_pb_column][et_pb_column type=\u00bb1_3&#8243; _builder_version=\u00bb3.25&#8243; custom_padding=\u00bb|||\u00bb custom_padding__hover=\u00bb|||\u00bb][et_pb_image src=\u00bbhttp:\/\/innovateprogramme.com\/wp-content\/uploads\/2020\/11\/fnst-sm-1.png\u00bb align_tablet=\u00bbcenter\u00bb align_phone=\u00bb\u00bb align_last_edited=\u00bbon|desktop\u00bb _builder_version=\u00bb4.4.3&#8243; module_alignment=\u00bbcenter\u00bb custom_margin=\u00bb|||\u00bb animation_style=\u00bbzoom\u00bb animation_direction=\u00bbbottom\u00bb animation_intensity_zoom=\u00bb10%\u00bb][\/et_pb_image][\/et_pb_column][\/et_pb_row][\/et_pb_section]<\/p>\n","protected":false},"excerpt":{"rendered":"<p>[et_pb_section fb_built=\u00bb1&#8243; fullwidth=\u00bbon\u00bb admin_label=\u00bbHeader\u00bb _builder_version=\u00bb4.4.3&#8243; use_background_color_gradient=\u00bbon\u00bb background_color_gradient_start=\u00bb#2c7eb7&#8243; background_color_gradient_end=\u00bb#ff4e73&#8243; background_image=\u00bbhttp:\/\/innovateprogramme.com\/wp-content\/uploads\/2020\/11\/InnovateBackground-01.png\u00bb parallax=\u00bbon\u00bb custom_padding=\u00bb|||\u00bb animation_style=\u00bbslide\u00bb animation_direction=\u00bbtop\u00bb animation_intensity_slide=\u00bb2%\u00bb][et_pb_fullwidth_image src=\u00bbhttp:\/\/innovateprogramme.com\/wp-content\/uploads\/2020\/12\/InnovateCostaRica-scaled.jpg\u00bb _builder_version=\u00bb4.4.3&#8243;][\/et_pb_fullwidth_image][\/et_pb_section][et_pb_section fb_built=\u00bb1&#8243; _builder_version=\u00bb4.4.3&#8243; use_background_color_gradient=\u00bbon\u00bb background_color_gradient_end=\u00bb#ff4e73&#8243; background_image=\u00bbhttp:\/\/innovateprogramme.com\/wp-content\/uploads\/2020\/11\/InnovateBackground-01.png\u00bb][et_pb_row _builder_version=\u00bb4.4.3&#8243;][et_pb_column type=\u00bb4_4&#8243; _builder_version=\u00bb4.4.3&#8243;][et_pb_text _builder_version=\u00bb4.4.3&#8243; text_font=\u00bb||||||||\u00bb text_font_size=\u00bb20px\u00bb text_line_height=\u00bb1.9em\u00bb header_font=\u00bb||||||||\u00bb header_2_font=\u00bbMontserrat|300|||||||\u00bb header_2_text_color=\u00bb#ffffff\u00bb header_2_font_size=\u00bb50px\u00bb header_2_line_height=\u00bb1.2em\u00bb max_width=\u00bb700px\u00bb max_width_tablet=\u00bb\u00bb max_width_phone=\u00bb\u00bb max_width_last_edited=\u00bbon|desktop\u00bb header_2_font_size_tablet=\u00bb40px\u00bb header_2_font_size_phone=\u00bb32px\u00bb header_2_font_size_last_edited=\u00bbon|phone\u00bb] JURADO &nbsp; [\/et_pb_text][\/et_pb_column][\/et_pb_row][et_pb_row column_structure=\u00bb1_3,1_3,1_3&#8243; _builder_version=\u00bb4.4.3&#8243;][et_pb_column type=\u00bb1_3&#8243; _builder_version=\u00bb4.4.3&#8243;][et_pb_accordion _builder_version=\u00bb4.4.3&#8243; toggle_font=\u00bb|700|||||||\u00bb][et_pb_accordion_item title=\u00bbAna Yanci Carmona\u00bb open=\u00bbon\u00bb _builder_version=\u00bb4.4.3&#8243;]Ana Yanci [&hellip;]<\/p>\n","protected":false},"author":1,"featured_media":0,"parent":0,"menu_order":0,"comment_status":"closed","ping_status":"closed","template":"","meta":{"_et_pb_use_builder":"on","_et_pb_old_content":"","_et_gb_content_width":"","_monsterinsights_skip_tracking":false,"_monsterinsights_sitenote_active":false,"_monsterinsights_sitenote_note":"","_monsterinsights_sitenote_category":0,"footnotes":""},"class_list":["post-332","page","type-page","status-publish","hentry"],"_links":{"self":[{"href":"https:\/\/innovateprogramme.com\/index.php\/wp-json\/wp\/v2\/pages\/332","targetHints":{"allow":["GET"]}}],"collection":[{"href":"https:\/\/innovateprogramme.com\/index.php\/wp-json\/wp\/v2\/pages"}],"about":[{"href":"https:\/\/innovateprogramme.com\/index.php\/wp-json\/wp\/v2\/types\/page"}],"author":[{"embeddable":true,"href":"https:\/\/innovateprogramme.com\/index.php\/wp-json\/wp\/v2\/users\/1"}],"replies":[{"embeddable":true,"href":"https:\/\/innovateprogramme.com\/index.php\/wp-json\/wp\/v2\/comments?post=332"}],"version-history":[{"count":4,"href":"https:\/\/innovateprogramme.com\/index.php\/wp-json\/wp\/v2\/pages\/332\/revisions"}],"predecessor-version":[{"id":460,"href":"https:\/\/innovateprogramme.com\/index.php\/wp-json\/wp\/v2\/pages\/332\/revisions\/460"}],"wp:attachment":[{"href":"https:\/\/innovateprogramme.com\/index.php\/wp-json\/wp\/v2\/media?parent=332"}],"curies":[{"name":"wp","href":"https:\/\/api.w.org\/{rel}","templated":true}]}}