{"id":300,"date":"2020-12-06T04:27:47","date_gmt":"2020-12-06T10:27:47","guid":{"rendered":"http:\/\/innovateprogramme.com\/?page_id=300"},"modified":"2021-03-19T12:44:14","modified_gmt":"2021-03-19T18:44:14","slug":"innovate-san-pedro-sula","status":"publish","type":"page","link":"https:\/\/innovateprogramme.com\/index.php\/innovate-san-pedro-sula\/","title":{"rendered":"Innovate San Pedro Sula"},"content":{"rendered":"<p>[et_pb_section fb_built=\u00bb1&#8243; fullwidth=\u00bbon\u00bb admin_label=\u00bbHeader\u00bb _builder_version=\u00bb4.4.3&#8243; use_background_color_gradient=\u00bbon\u00bb background_color_gradient_start=\u00bb#2c7eb7&#8243; background_color_gradient_end=\u00bb#ff4e73&#8243; background_image=\u00bbhttp:\/\/innovateprogramme.com\/wp-content\/uploads\/2020\/11\/InnovateBackground-01.png\u00bb parallax=\u00bbon\u00bb custom_padding=\u00bb|||\u00bb animation_style=\u00bbslide\u00bb animation_direction=\u00bbtop\u00bb animation_intensity_slide=\u00bb2%\u00bb][et_pb_fullwidth_image src=\u00bbhttp:\/\/innovateprogramme.com\/wp-content\/uploads\/2020\/12\/InnovateSanPedroSula-scaled.jpg\u00bb _builder_version=\u00bb4.4.3&#8243;][\/et_pb_fullwidth_image][\/et_pb_section][et_pb_section fb_built=\u00bb1&#8243; _builder_version=\u00bb4.4.3&#8243; use_background_color_gradient=\u00bbon\u00bb background_color_gradient_end=\u00bb#ff4e73&#8243; background_image=\u00bbhttp:\/\/innovateprogramme.com\/wp-content\/uploads\/2020\/11\/InnovateBackground-01.png\u00bb][et_pb_row _builder_version=\u00bb4.4.3&#8243;][et_pb_column type=\u00bb4_4&#8243; _builder_version=\u00bb4.4.3&#8243;][et_pb_text _builder_version=\u00bb4.4.3&#8243; text_font=\u00bb||||||||\u00bb text_font_size=\u00bb20px\u00bb text_line_height=\u00bb1.9em\u00bb header_font=\u00bb||||||||\u00bb header_2_font=\u00bbMontserrat|300|||||||\u00bb header_2_text_color=\u00bb#ffffff\u00bb header_2_font_size=\u00bb50px\u00bb header_2_line_height=\u00bb1.2em\u00bb max_width=\u00bb700px\u00bb max_width_tablet=\u00bb\u00bb max_width_phone=\u00bb\u00bb max_width_last_edited=\u00bbon|desktop\u00bb header_2_font_size_tablet=\u00bb40px\u00bb header_2_font_size_phone=\u00bb32px\u00bb header_2_font_size_last_edited=\u00bbon|phone\u00bb]<\/p>\n<h2><strong>PANELISTAS<\/strong><\/h2>\n<p>&nbsp;<\/p>\n<p><strong><\/strong><\/p>\n<p>[\/et_pb_text][\/et_pb_column][\/et_pb_row][et_pb_row column_structure=\u00bb1_3,1_3,1_3&#8243; _builder_version=\u00bb4.4.3&#8243;][et_pb_column type=\u00bb1_3&#8243; _builder_version=\u00bb4.4.3&#8243;][et_pb_accordion _builder_version=\u00bb4.4.3&#8243; toggle_font=\u00bb|700|||||||\u00bb][et_pb_accordion_item title=\u00bbGilberto Novelo\u00bb open=\u00bbon\u00bb _builder_version=\u00bb4.4.3&#8243;]<\/p>\n<p>Gilberto Novelo es consultor, profesor, investigador y conferencista con m\u00e1s de 20 a\u00f1os de<br \/> experiencia en estrategias de innovaci\u00f3n organizacional y gesti\u00f3n del talento. Ha ocupado<br \/> posiciones directivas en diversas empresas nacionales e internacionales, actualmente es socio<br \/> director de iO Consultor\u00eda, Presidente de la Fundaci\u00f3n para la Educaci\u00f3n e Investigaci\u00f3n AC. y<br \/> miembro de diferentes c\u00e1maras internacionales. Est\u00e1 certificado como facilitador de la<br \/> Metodolog\u00eda LEGO SERIOUS PLAY y SCRUM Master. Es columnista invitado para el peri\u00f3dico<br \/> El Financiero y tiene una columna permanente en los medios Alto Nivel, Pulso Laboral y<br \/> Entrepreneur en espa\u00f1ol.<\/p>\n<p>[\/et_pb_accordion_item][\/et_pb_accordion][\/et_pb_column][et_pb_column type=\u00bb1_3&#8243; _builder_version=\u00bb4.4.3&#8243;][et_pb_accordion _builder_version=\u00bb4.4.3&#8243; toggle_font=\u00bb|700|||||||\u00bb][et_pb_accordion_item title=\u00bbAdda de Molina\u00bb open=\u00bbon\u00bb closed_toggle_text_color=\u00bb#0c71c3&#8243; _builder_version=\u00bb4.4.3&#8243;]<\/p>\n<p>Adda de Molina es fundadora de Gur\u00fas Honduras, una plataforma de servicios que busca<br \/> revolucionar la tradicional forma de trabajo, promoviendo el tele-trabajo o freelancing para<br \/> brindar una oportunidad de generar ingresos adicionales a quienes fueron afectados por la<br \/> pandemia. Profesional experta en mercadeo, ventas, operaciones y administraci\u00f3n con m\u00e1s de<br \/> 30 a\u00f1os de experiencia en diversos puestos gerenciales y directivos en empresas de renombre.<br \/> Su amplia experiencia le ha permitido ser asesora estrat\u00e9gica en diversas juntas directivas,<br \/> entre las cuales destacan las de AMCHAM Honduras, Junior Achievement, C\u00e1mara de<br \/> Comercio de Tegucigalpa y la Asociaci\u00f3n de Medios de Honduras, entre otras.<\/p>\n<p>[\/et_pb_accordion_item][\/et_pb_accordion][\/et_pb_column][et_pb_column type=\u00bb1_3&#8243; _builder_version=\u00bb4.4.3&#8243;][et_pb_accordion _builder_version=\u00bb4.4.3&#8243; toggle_font=\u00bb|700|||||||\u00bb][et_pb_accordion_item title=\u00bbAdalberto Toledo\u00bb open=\u00bbon\u00bb _builder_version=\u00bb4.4.3&#8243;]<\/p>\n<p>Adalberto Toledo es graduado en Comunicaciones y experto en Branding, cuenta con m\u00e1s de<br \/>12 a\u00f1os de experiencia en mercadeo corporativo, contando las historias de marcas grandes y<br \/>peque\u00f1as. Es fundador de A2, The Brand Studio, agencia que se enfoca en crear valor en las<br \/>marcas con que trabajan, dando a conocer sus diferenciadores. Durante la pandemia se ha<br \/>enfocado en transmitir sus conocimientos a peque\u00f1os emprendedores para crear sostenibilidad<br \/>en la gesti\u00f3n de sus empresas.<\/p>\n<p>[\/et_pb_accordion_item][\/et_pb_accordion][\/et_pb_column][\/et_pb_row][et_pb_row _builder_version=\u00bb4.4.3&#8243;][et_pb_column type=\u00bb4_4&#8243; _builder_version=\u00bb4.4.3&#8243;][et_pb_text _builder_version=\u00bb4.4.3&#8243; text_font=\u00bb||||||||\u00bb text_font_size=\u00bb20px\u00bb text_line_height=\u00bb1.9em\u00bb header_font=\u00bb||||||||\u00bb header_2_font=\u00bbMontserrat|300|||||||\u00bb header_2_text_color=\u00bb#ffffff\u00bb header_2_font_size=\u00bb50px\u00bb header_2_line_height=\u00bb1.2em\u00bb max_width=\u00bb700px\u00bb max_width_tablet=\u00bb\u00bb max_width_phone=\u00bb\u00bb max_width_last_edited=\u00bbon|desktop\u00bb custom_margin=\u00bb||-1px|||\u00bb header_2_font_size_tablet=\u00bb40px\u00bb header_2_font_size_phone=\u00bb32px\u00bb header_2_font_size_last_edited=\u00bbon|phone\u00bb]<\/p>\n<h2><strong>JURADO<\/strong><\/h2>\n<p>&nbsp;<\/p>\n<p><strong><\/strong><\/p>\n<p>[\/et_pb_text][\/et_pb_column][\/et_pb_row][et_pb_row column_structure=\u00bb1_3,1_3,1_3&#8243; _builder_version=\u00bb4.4.3&#8243;][et_pb_column type=\u00bb1_3&#8243; _builder_version=\u00bb4.4.3&#8243;][et_pb_accordion _builder_version=\u00bb4.4.3&#8243; toggle_font=\u00bb|700|||||||\u00bb][et_pb_accordion_item title=\u00bbBlanca Benavides\u00bb open=\u00bbon\u00bb _builder_version=\u00bb4.4.3&#8243;]<\/p>\n<p>Es la fundadora de la primera cadena de tiendas de ropa de talla grande para mujeres en<br \/> Centroam\u00e9rica. Ha trabajado para fortalecer el empoderamiento de las mujeres, el desarrollo<br \/> econ\u00f3mico y la prosperidad inclusiva en Nicaragua. Actualmente es Vicepresidenta de Red<br \/> Empresarias de Nicaragua (REN), miembro del Young Leader of the Americas Innitiative<\/p>\n<p>(YLAI), Accelerador We America, VV grow fellowship (Voces Vitales global), Lead Mujer<br \/> (INCAE) y parte de la Red Regional de Mujeres mentoras de CEMPROMYPE \/ SICA.<\/p>\n<p>[\/et_pb_accordion_item][\/et_pb_accordion][\/et_pb_column][et_pb_column type=\u00bb1_3&#8243; _builder_version=\u00bb4.4.3&#8243;][et_pb_accordion _builder_version=\u00bb4.4.3&#8243; toggle_font=\u00bb|700|||||||\u00bb][et_pb_accordion_item title=\u00bbRodil Rivera Reina\u00bb open=\u00bbon\u00bb closed_toggle_text_color=\u00bb#0c71c3&#8243; _builder_version=\u00bb4.4.3&#8243;]<\/p>\n<p>Digital Entrepreneur. Fundador y Gerente de Productos de TodoLegal.<br \/>Desde 2008 es docente de UNITEC en Generaci\u00f3n de Empresas. Es Abogado por la<br \/>Universidad Privada de San Pedro Sula, actualmente cursa un M\u00e1ster en Derecho Digital en el<br \/>Instituto Europeo Campus Stallae. Tiene experiencia en el desarrollo de estrategias de<br \/>productos y de empresas, utilizando la metodolog\u00eda Lean Startup. Asimismo, cuenta con<br \/>expertise en el manejo del Business Model Canvas.<\/p>\n<p>[\/et_pb_accordion_item][\/et_pb_accordion][\/et_pb_column][et_pb_column type=\u00bb1_3&#8243; _builder_version=\u00bb4.4.3&#8243;][et_pb_accordion _builder_version=\u00bb4.4.3&#8243; toggle_font=\u00bb|700|||||||\u00bb][et_pb_accordion_item title=\u00bbFernando L\u00f3pez\u00bb open=\u00bbon\u00bb _builder_version=\u00bb4.4.3&#8243;]<\/p>\n<p>Educador por vocaci\u00f3n. Actualmente se dedica al desarrollo de productos y<br \/>a la innovaci\u00f3n en el mercado educativo. Fernando L\u00f3pez es Co-fundador de Roboted, un<br \/>startup de rob\u00f3tica educativa. Asimismo, es Co-fundador de Digital School, una plataforma<br \/>educativa para escuelas, enfocada en educaci\u00f3n virtual, interactividad y gesti\u00f3n del<br \/>aprendizaje.<\/p>\n<p>[\/et_pb_accordion_item][\/et_pb_accordion][\/et_pb_column][\/et_pb_row][\/et_pb_section][et_pb_section fb_built=\u00bb1&#8243; custom_padding_last_edited=\u00bbon|tablet\u00bb admin_label=\u00bbSchedule\u00bb _builder_version=\u00bb4.4.3&#8243; background_color=\u00bb#fcfcfc\u00bb background_color_gradient_direction=\u00bb90deg\u00bb background_image=\u00bbhttp:\/\/innovateprogramme.com\/wp-content\/uploads\/2020\/11\/Innovate_Logo-2020W.png\u00bb background_size=\u00bbcontain\u00bb background_position=\u00bbtop_center\u00bb width=\u00bb100%\u00bb max_width_tablet=\u00bb\u00bb max_width_phone=\u00bb100%\u00bb max_width_last_edited=\u00bbon|phone\u00bb custom_margin=\u00bb|||\u00bb custom_padding=\u00bb|10vw||\u00bb custom_padding_tablet=\u00bb|0vw||\u00bb custom_padding_phone=\u00bb\u00bb border_color_all=\u00bb#2c7eb7&#8243; border_width_left=\u00bb10vw\u00bb locked=\u00bboff\u00bb][et_pb_row _builder_version=\u00bb3.25&#8243; custom_margin=\u00bb||60px|\u00bb locked=\u00bboff\u00bb][et_pb_column type=\u00bb4_4&#8243; _builder_version=\u00bb3.25&#8243; custom_padding=\u00bb|||\u00bb custom_padding__hover=\u00bb|||\u00bb][et_pb_text _builder_version=\u00bb4.4.3&#8243; text_font=\u00bb||||||||\u00bb text_font_size=\u00bb20px\u00bb text_line_height=\u00bb1.9em\u00bb header_font=\u00bb||||||||\u00bb header_2_font=\u00bbMontserrat|300|||||||\u00bb header_2_font_size=\u00bb50px\u00bb header_2_line_height=\u00bb1.2em\u00bb max_width=\u00bb700px\u00bb max_width_tablet=\u00bb\u00bb max_width_phone=\u00bb\u00bb max_width_last_edited=\u00bbon|desktop\u00bb header_2_font_size_tablet=\u00bb40px\u00bb header_2_font_size_phone=\u00bb32px\u00bb header_2_font_size_last_edited=\u00bbon|phone\u00bb]<\/p>\n<h2><b>14 DE DICIEMBRE 2020<span color=\"#666666\" style=\"color: #666666;\"><span style=\"font-size: 20px;\">\u00a0<\/span><\/span><\/b><\/h2>\n<p><strong><\/strong><\/p>\n<p>[\/et_pb_text][\/et_pb_column][\/et_pb_row][et_pb_row column_structure=\u00bb1_4,1_2,1_4&#8243; _builder_version=\u00bb3.25&#8243; custom_margin_tablet=\u00bb|||\u00bb custom_margin_phone=\u00bb|||\u00bb custom_margin_last_edited=\u00bbon|desktop\u00bb animation_style=\u00bbzoom\u00bb animation_direction=\u00bbtop\u00bb animation_intensity_zoom=\u00bb10%\u00bb border_color_all=\u00bbrgba(51,51,51,0.05)\u00bb border_width_bottom=\u00bb2px\u00bb][et_pb_column type=\u00bb1_4&#8243; _builder_version=\u00bb3.25&#8243; custom_padding=\u00bb|||\u00bb custom_padding__hover=\u00bb|||\u00bb][et_pb_text _builder_version=\u00bb4.4.3&#8243; text_line_height=\u00bb1.9em\u00bb header_font=\u00bb||||||||\u00bb header_6_font=\u00bbRoboto|||on|||||\u00bb header_6_font_size=\u00bb20px\u00bb header_6_line_height=\u00bb1.2em\u00bb]<\/p>\n<h6>16:30 hrs<\/h6>\n<p>[\/et_pb_text][\/et_pb_column][et_pb_column type=\u00bb1_2&#8243; _builder_version=\u00bb3.25&#8243; custom_padding=\u00bb|||\u00bb custom_padding__hover=\u00bb|||\u00bb][et_pb_text _builder_version=\u00bb4.4.3&#8243; text_font=\u00bb||||||||\u00bb text_line_height=\u00bb1.9em\u00bb header_font=\u00bb||||||||\u00bb header_3_font=\u00bb||||||||\u00bb header_4_font=\u00bb||||||||\u00bb header_5_font=\u00bbRoboto||||||||\u00bb header_5_text_color=\u00bb#00b2e5&#8243; header_5_line_height=\u00bb1.4em\u00bb header_6_font=\u00bb||||||||\u00bb]<\/p>\n<h5>Bienvenida<\/h5>\n<p>&nbsp;<\/p>\n<p>&nbsp;<\/p>\n<p>[\/et_pb_text][\/et_pb_column][et_pb_column type=\u00bb1_4&#8243; _builder_version=\u00bb3.25&#8243; custom_padding=\u00bb|||\u00bb custom_padding__hover=\u00bb|||\u00bb][\/et_pb_column][\/et_pb_row][et_pb_row column_structure=\u00bb1_4,1_2,1_4&#8243; _builder_version=\u00bb3.25&#8243; custom_margin_tablet=\u00bb|||\u00bb custom_margin_phone=\u00bb|||\u00bb custom_margin_last_edited=\u00bbon|desktop\u00bb animation_style=\u00bbzoom\u00bb animation_direction=\u00bbtop\u00bb animation_intensity_zoom=\u00bb10%\u00bb border_color_all=\u00bbrgba(51,51,51,0.05)\u00bb border_width_bottom=\u00bb2px\u00bb][et_pb_column type=\u00bb1_4&#8243; _builder_version=\u00bb3.25&#8243; custom_padding=\u00bb|||\u00bb custom_padding__hover=\u00bb|||\u00bb][et_pb_text _builder_version=\u00bb4.4.3&#8243; text_line_height=\u00bb1.9em\u00bb header_font=\u00bb||||||||\u00bb header_6_font=\u00bbRoboto|||on|||||\u00bb header_6_font_size=\u00bb20px\u00bb header_6_line_height=\u00bb1.2em\u00bb]<\/p>\n<h6>16:40 hrs<\/h6>\n<p>[\/et_pb_text][\/et_pb_column][et_pb_column type=\u00bb1_2&#8243; _builder_version=\u00bb3.25&#8243; custom_padding=\u00bb|||\u00bb custom_padding__hover=\u00bb|||\u00bb][et_pb_text _builder_version=\u00bb4.4.3&#8243; text_font=\u00bb||||||||\u00bb text_line_height=\u00bb1.9em\u00bb header_font=\u00bb||||||||\u00bb header_3_font=\u00bb||||||||\u00bb header_4_font=\u00bb||||||||\u00bb header_5_font=\u00bbRoboto||||||||\u00bb header_5_text_color=\u00bb#00b2e5&#8243; header_5_line_height=\u00bb1.4em\u00bb header_6_font=\u00bb||||||||\u00bb]<\/p>\n<h5>Pitches: los finalistas presentan sus proyectos<\/h5>\n<p>[\/et_pb_text][\/et_pb_column][et_pb_column type=\u00bb1_4&#8243; _builder_version=\u00bb3.25&#8243; custom_padding=\u00bb|||\u00bb custom_padding__hover=\u00bb|||\u00bb][\/et_pb_column][\/et_pb_row][et_pb_row column_structure=\u00bb1_4,1_2,1_4&#8243; _builder_version=\u00bb3.25&#8243; custom_margin_tablet=\u00bb|||\u00bb custom_margin_phone=\u00bb|||\u00bb custom_margin_last_edited=\u00bbon|desktop\u00bb animation_style=\u00bbzoom\u00bb animation_direction=\u00bbtop\u00bb animation_intensity_zoom=\u00bb10%\u00bb border_color_all=\u00bbrgba(51,51,51,0.05)\u00bb border_width_bottom=\u00bb2px\u00bb][et_pb_column type=\u00bb1_4&#8243; _builder_version=\u00bb3.25&#8243; custom_padding=\u00bb|||\u00bb custom_padding__hover=\u00bb|||\u00bb][et_pb_text _builder_version=\u00bb4.4.3&#8243; text_line_height=\u00bb1.9em\u00bb header_font=\u00bb||||||||\u00bb header_6_font=\u00bbRoboto|||on|||||\u00bb header_6_font_size=\u00bb20px\u00bb header_6_line_height=\u00bb1.2em\u00bb]<\/p>\n<h6>17:45 hrs<\/h6>\n<p>[\/et_pb_text][\/et_pb_column][et_pb_column type=\u00bb1_2&#8243; _builder_version=\u00bb3.25&#8243; custom_padding=\u00bb|||\u00bb custom_padding__hover=\u00bb|||\u00bb][et_pb_text _builder_version=\u00bb4.4.3&#8243; text_font=\u00bb||||||||\u00bb text_line_height=\u00bb1.9em\u00bb header_font=\u00bb||||||||\u00bb header_3_font=\u00bb||||||||\u00bb header_4_font=\u00bb||||||||\u00bb header_5_font=\u00bbRoboto||||||||\u00bb header_5_text_color=\u00bb#00b2e5&#8243; header_5_line_height=\u00bb1.4em\u00bb header_6_font=\u00bb||||||||\u00bb]<\/p>\n<h5>Panel de expertos Reactiva tu emprendimiento en tiempo de crisis<\/h5>\n<p>&nbsp;<\/p>\n<p>[\/et_pb_text][\/et_pb_column][et_pb_column type=\u00bb1_4&#8243; _builder_version=\u00bb3.25&#8243; custom_padding=\u00bb|||\u00bb custom_padding__hover=\u00bb|||\u00bb][\/et_pb_column][\/et_pb_row][et_pb_row column_structure=\u00bb1_4,1_2,1_4&#8243; _builder_version=\u00bb3.25&#8243; custom_margin_tablet=\u00bb|||\u00bb custom_margin_phone=\u00bb|||\u00bb custom_margin_last_edited=\u00bbon|desktop\u00bb animation_style=\u00bbzoom\u00bb animation_direction=\u00bbtop\u00bb animation_intensity_zoom=\u00bb10%\u00bb border_color_all=\u00bbrgba(51,51,51,0.05)\u00bb border_width_bottom=\u00bb2px\u00bb][et_pb_column type=\u00bb1_4&#8243; _builder_version=\u00bb3.25&#8243; custom_padding=\u00bb|||\u00bb custom_padding__hover=\u00bb|||\u00bb][et_pb_text _builder_version=\u00bb4.4.3&#8243; text_line_height=\u00bb1.9em\u00bb header_font=\u00bb||||||||\u00bb header_6_font=\u00bbRoboto|||on|||||\u00bb header_6_font_size=\u00bb20px\u00bb header_6_line_height=\u00bb1.2em\u00bb]<\/p>\n<h6>18:30 hrs<\/h6>\n<p>[\/et_pb_text][\/et_pb_column][et_pb_column type=\u00bb1_2&#8243; _builder_version=\u00bb3.25&#8243; custom_padding=\u00bb|||\u00bb custom_padding__hover=\u00bb|||\u00bb][et_pb_text _builder_version=\u00bb4.4.3&#8243; text_font=\u00bb||||||||\u00bb text_line_height=\u00bb1.9em\u00bb header_font=\u00bb||||||||\u00bb header_3_font=\u00bb||||||||\u00bb header_4_font=\u00bb||||||||\u00bb header_5_font=\u00bbRoboto||||||||\u00bb header_5_text_color=\u00bb#00b2e5&#8243; header_5_line_height=\u00bb1.4em\u00bb header_6_font=\u00bb||||||||\u00bb]<\/p>\n<h5>Resultados finales y cierre del evento<\/h5>\n<p>[\/et_pb_text][\/et_pb_column][et_pb_column type=\u00bb1_4&#8243; _builder_version=\u00bb3.25&#8243; custom_padding=\u00bb|||\u00bb custom_padding__hover=\u00bb|||\u00bb][\/et_pb_column][\/et_pb_row][\/et_pb_section][et_pb_section fb_built=\u00bb1&#8243; admin_label=\u00bbSponsors\u00bb _builder_version=\u00bb3.22&#8243;][et_pb_row _builder_version=\u00bb3.25&#8243;][et_pb_column type=\u00bb4_4&#8243; _builder_version=\u00bb3.25&#8243; custom_padding=\u00bb|||\u00bb custom_padding__hover=\u00bb|||\u00bb][et_pb_text _builder_version=\u00bb4.4.3&#8243; text_font=\u00bbMontserrat||||||||\u00bb text_font_size=\u00bb20px\u00bb text_line_height=\u00bb1.9em\u00bb header_font=\u00bb||||||||\u00bb header_2_font=\u00bbMontserrat|300|||||||\u00bb header_2_font_size=\u00bb50px\u00bb header_2_line_height=\u00bb1.2em\u00bb text_orientation=\u00bbcenter\u00bb max_width=\u00bb700px\u00bb max_width_tablet=\u00bb\u00bb max_width_phone=\u00bb\u00bb max_width_last_edited=\u00bbon|desktop\u00bb module_alignment=\u00bbcenter\u00bb header_2_font_size_tablet=\u00bb40px\u00bb header_2_font_size_phone=\u00bb32px\u00bb header_2_font_size_last_edited=\u00bbon|phone\u00bb]<\/p>\n<h2><strong>Organizan:<\/strong><\/h2>\n<p>[\/et_pb_text][\/et_pb_column][\/et_pb_row][et_pb_row column_structure=\u00bb1_3,1_3,1_3&#8243; _builder_version=\u00bb3.25&#8243; custom_margin_tablet=\u00bb\u00bb custom_margin_phone=\u00bb\u00bb custom_margin_last_edited=\u00bbon|phone\u00bb][et_pb_column type=\u00bb1_3&#8243; _builder_version=\u00bb3.25&#8243; custom_padding=\u00bb|||\u00bb custom_padding__hover=\u00bb|||\u00bb][et_pb_image src=\u00bbhttp:\/\/innovateprogramme.com\/wp-content\/uploads\/2020\/11\/fnst-sm-1mexico.png\u00bb align_tablet=\u00bbcenter\u00bb align_phone=\u00bb\u00bb align_last_edited=\u00bbon|desktop\u00bb _builder_version=\u00bb4.4.3&#8243; module_alignment=\u00bbcenter\u00bb custom_margin=\u00bb|||\u00bb animation_style=\u00bbzoom\u00bb animation_direction=\u00bbbottom\u00bb animation_intensity_zoom=\u00bb10%\u00bb][\/et_pb_image][\/et_pb_column][et_pb_column type=\u00bb1_3&#8243; _builder_version=\u00bb3.25&#8243; custom_padding=\u00bb|||\u00bb custom_padding__hover=\u00bb|||\u00bb][et_pb_image src=\u00bbhttp:\/\/innovateprogramme.com\/wp-content\/uploads\/2020\/12\/LOGO-ALIANZA-fondo-blanco.jpg\u00bb align_tablet=\u00bbcenter\u00bb align_phone=\u00bb\u00bb align_last_edited=\u00bbon|desktop\u00bb _builder_version=\u00bb4.4.3&#8243; module_alignment=\u00bbcenter\u00bb custom_margin=\u00bb|||\u00bb animation_style=\u00bbzoom\u00bb animation_direction=\u00bbbottom\u00bb animation_intensity_zoom=\u00bb10%\u00bb][\/et_pb_image][\/et_pb_column][et_pb_column type=\u00bb1_3&#8243; _builder_version=\u00bb3.25&#8243; custom_padding=\u00bb|||\u00bb custom_padding__hover=\u00bb|||\u00bb][et_pb_image src=\u00bbhttp:\/\/innovateprogramme.com\/wp-content\/uploads\/2020\/11\/fnst-sm-1.png\u00bb align_tablet=\u00bbcenter\u00bb align_phone=\u00bb\u00bb align_last_edited=\u00bbon|desktop\u00bb _builder_version=\u00bb4.4.3&#8243; module_alignment=\u00bbcenter\u00bb custom_margin=\u00bb|||\u00bb animation_style=\u00bbzoom\u00bb animation_direction=\u00bbbottom\u00bb animation_intensity_zoom=\u00bb10%\u00bb][\/et_pb_image][\/et_pb_column][\/et_pb_row][\/et_pb_section]<\/p>\n","protected":false},"excerpt":{"rendered":"<p>[et_pb_section fb_built=\u00bb1&#8243; fullwidth=\u00bbon\u00bb admin_label=\u00bbHeader\u00bb _builder_version=\u00bb4.4.3&#8243; use_background_color_gradient=\u00bbon\u00bb background_color_gradient_start=\u00bb#2c7eb7&#8243; background_color_gradient_end=\u00bb#ff4e73&#8243; background_image=\u00bbhttp:\/\/innovateprogramme.com\/wp-content\/uploads\/2020\/11\/InnovateBackground-01.png\u00bb parallax=\u00bbon\u00bb custom_padding=\u00bb|||\u00bb animation_style=\u00bbslide\u00bb animation_direction=\u00bbtop\u00bb animation_intensity_slide=\u00bb2%\u00bb][et_pb_fullwidth_image src=\u00bbhttp:\/\/innovateprogramme.com\/wp-content\/uploads\/2020\/12\/InnovateSanPedroSula-scaled.jpg\u00bb _builder_version=\u00bb4.4.3&#8243;][\/et_pb_fullwidth_image][\/et_pb_section][et_pb_section fb_built=\u00bb1&#8243; _builder_version=\u00bb4.4.3&#8243; use_background_color_gradient=\u00bbon\u00bb background_color_gradient_end=\u00bb#ff4e73&#8243; background_image=\u00bbhttp:\/\/innovateprogramme.com\/wp-content\/uploads\/2020\/11\/InnovateBackground-01.png\u00bb][et_pb_row _builder_version=\u00bb4.4.3&#8243;][et_pb_column type=\u00bb4_4&#8243; _builder_version=\u00bb4.4.3&#8243;][et_pb_text _builder_version=\u00bb4.4.3&#8243; text_font=\u00bb||||||||\u00bb text_font_size=\u00bb20px\u00bb text_line_height=\u00bb1.9em\u00bb header_font=\u00bb||||||||\u00bb header_2_font=\u00bbMontserrat|300|||||||\u00bb header_2_text_color=\u00bb#ffffff\u00bb header_2_font_size=\u00bb50px\u00bb header_2_line_height=\u00bb1.2em\u00bb max_width=\u00bb700px\u00bb max_width_tablet=\u00bb\u00bb max_width_phone=\u00bb\u00bb max_width_last_edited=\u00bbon|desktop\u00bb header_2_font_size_tablet=\u00bb40px\u00bb header_2_font_size_phone=\u00bb32px\u00bb header_2_font_size_last_edited=\u00bbon|phone\u00bb] PANELISTAS &nbsp; [\/et_pb_text][\/et_pb_column][\/et_pb_row][et_pb_row column_structure=\u00bb1_3,1_3,1_3&#8243; _builder_version=\u00bb4.4.3&#8243;][et_pb_column type=\u00bb1_3&#8243; _builder_version=\u00bb4.4.3&#8243;][et_pb_accordion _builder_version=\u00bb4.4.3&#8243; toggle_font=\u00bb|700|||||||\u00bb][et_pb_accordion_item title=\u00bbGilberto Novelo\u00bb open=\u00bbon\u00bb _builder_version=\u00bb4.4.3&#8243;] Gilberto Novelo [&hellip;]<\/p>\n","protected":false},"author":1,"featured_media":0,"parent":0,"menu_order":0,"comment_status":"closed","ping_status":"closed","template":"","meta":{"_et_pb_use_builder":"on","_et_pb_old_content":"","_et_gb_content_width":"","_monsterinsights_skip_tracking":false,"_monsterinsights_sitenote_active":false,"_monsterinsights_sitenote_note":"","_monsterinsights_sitenote_category":0,"footnotes":""},"class_list":["post-300","page","type-page","status-publish","hentry"],"_links":{"self":[{"href":"https:\/\/innovateprogramme.com\/index.php\/wp-json\/wp\/v2\/pages\/300","targetHints":{"allow":["GET"]}}],"collection":[{"href":"https:\/\/innovateprogramme.com\/index.php\/wp-json\/wp\/v2\/pages"}],"about":[{"href":"https:\/\/innovateprogramme.com\/index.php\/wp-json\/wp\/v2\/types\/page"}],"author":[{"embeddable":true,"href":"https:\/\/innovateprogramme.com\/index.php\/wp-json\/wp\/v2\/users\/1"}],"replies":[{"embeddable":true,"href":"https:\/\/innovateprogramme.com\/index.php\/wp-json\/wp\/v2\/comments?post=300"}],"version-history":[{"count":6,"href":"https:\/\/innovateprogramme.com\/index.php\/wp-json\/wp\/v2\/pages\/300\/revisions"}],"predecessor-version":[{"id":457,"href":"https:\/\/innovateprogramme.com\/index.php\/wp-json\/wp\/v2\/pages\/300\/revisions\/457"}],"wp:attachment":[{"href":"https:\/\/innovateprogramme.com\/index.php\/wp-json\/wp\/v2\/media?parent=300"}],"curies":[{"name":"wp","href":"https:\/\/api.w.org\/{rel}","templated":true}]}}