{"id":2103,"date":"2024-02-15T06:32:07","date_gmt":"2024-02-15T12:32:07","guid":{"rendered":"http:\/\/innovateprogramme.com\/?page_id=2103"},"modified":"2025-02-06T16:05:09","modified_gmt":"2025-02-06T22:05:09","slug":"registro-roads-to-innovate","status":"publish","type":"page","link":"https:\/\/innovateprogramme.com\/index.php\/registro-roads-to-innovate\/","title":{"rendered":""},"content":{"rendered":"<p>[et_pb_section fb_built=\u00bb1&#8243; _builder_version=\u00bb4.4.3&#8243; custom_padding=\u00bb||6px|||\u00bb][et_pb_row _builder_version=\u00bb4.5.3&#8243; _module_preset=\u00bbdefault\u00bb][et_pb_column _builder_version=\u00bb4.5.3&#8243; _module_preset=\u00bbdefault\u00bb type=\u00bb4_4&#8243;][et_pb_image src=\u00bbhttp:\/\/innovateprogramme.com\/wp-content\/uploads\/2025\/02\/Untitled-design-3.png\u00bb _builder_version=\u00bb4.5.3&#8243; _module_preset=\u00bbdefault\u00bb title_text=\u00bbUntitled design (3)\u00bb hover_enabled=\u00bb0&#8243;][\/et_pb_image][\/et_pb_column][\/et_pb_row][et_pb_row _builder_version=\u00bb4.5.3&#8243; _module_preset=\u00bbdefault\u00bb][et_pb_column _builder_version=\u00bb4.5.3&#8243; _module_preset=\u00bbdefault\u00bb type=\u00bb4_4&#8243;][et_pb_text _builder_version=\u00bb4.5.3&#8243; header_font=\u00bb|700|||||||\u00bb header_text_color=\u00bb#0c71c3&#8243; header_font_size=\u00bb100px\u00bb hover_enabled=\u00bb0&#8243; locked=\u00bboff\u00bb text_font_size=\u00bb72px\u00bb]<\/p>\n<p><span style=\"color: #ff4e73;\">Formulario de Registro 2025<\/span><\/p>\n<p>[\/et_pb_text][\/et_pb_column][\/et_pb_row][et_pb_row _builder_version=\u00bb4.5.3&#8243; _module_preset=\u00bbdefault\u00bb][et_pb_column type=\u00bb4_4&#8243; _builder_version=\u00bb4.5.3&#8243; _module_preset=\u00bbdefault\u00bb][et_pb_button button_url=\u00bbhttp:\/\/innovateprogramme.com\/wp-content\/uploads\/2025\/02\/Bases-de-Participacion-Road-MX-CA-2025.pdf\u00bb url_new_window=\u00bbon\u00bb button_text=\u00bbConsulta las bases de participaci\u00f3n y proceso de selecci\u00f3n\u00bb button_text_tablet=\u00bb\u00bb button_text_phone=\u00bb\u00bb button_text_last_edited=\u00bbon|desktop\u00bb _builder_version=\u00bb4.5.3&#8243; _module_preset=\u00bbdefault\u00bb custom_button=\u00bbon\u00bb button_text_size=\u00bb21px\u00bb button_text_color=\u00bb#ffffff\u00bb button_bg_color=\u00bb#ff4e73&#8243; button_border_radius=\u00bb21px\u00bb hover_enabled=\u00bb0&#8243; button_alignment=\u00bbleft\u00bb][\/et_pb_button][\/et_pb_column][\/et_pb_row][et_pb_row _builder_version=\u00bb4.5.3&#8243; _module_preset=\u00bbdefault\u00bb][et_pb_column type=\u00bb4_4&#8243; _builder_version=\u00bb4.5.3&#8243; _module_preset=\u00bbdefault\u00bb][et_pb_code _builder_version=\u00bb4.5.3&#8243; _module_preset=\u00bbdefault\u00bb hover_enabled=\u00bb0&#8243; text_orientation=\u00bbleft\u00bb custom_margin=\u00bb|||25px|false|false\u00bb]<div class=\"wpforms-container wpforms-container-full\" id=\"wpforms-2219\"><form id=\"wpforms-form-2219\" class=\"wpforms-validate wpforms-form\" data-formid=\"2219\" method=\"post\" enctype=\"multipart\/form-data\" action=\"\/index.php\/wp-json\/wp\/v2\/pages\/2103?wpforms_form_id=2219\" data-token=\"bdc49ac9bc54690023649a6fce531737\"><noscript class=\"wpforms-error-noscript\">Por favor, activa JavaScript en tu navegador para completar este formulario.<\/noscript><div class=\"wpforms-field-container\"><div id=\"wpforms-2219-field_3-container\" class=\"wpforms-field wpforms-field-name\" data-field-id=\"3\"><label class=\"wpforms-field-label\" for=\"wpforms-2219-field_3\">Nombre <span class=\"wpforms-required-label\">*<\/span><\/label><div class=\"wpforms-field-row wpforms-field-medium\"><div class=\"wpforms-field-row-block wpforms-first wpforms-one-half\"><input type=\"text\" id=\"wpforms-2219-field_3\" class=\"wpforms-field-name-first wpforms-field-required\" name=\"wpforms[fields][3][first]\" required><label for=\"wpforms-2219-field_3\" class=\"wpforms-field-sublabel after \">Nombre<\/label><\/div><div class=\"wpforms-field-row-block wpforms-one-half\"><input type=\"text\" id=\"wpforms-2219-field_3-last\" class=\"wpforms-field-name-last wpforms-field-required\" name=\"wpforms[fields][3][last]\" required><label for=\"wpforms-2219-field_3-last\" class=\"wpforms-field-sublabel after \">Apellidos<\/label><\/div><\/div><\/div><div id=\"wpforms-2219-field_4-container\" class=\"wpforms-field wpforms-field-number-slider\" data-field-id=\"4\"><label class=\"wpforms-field-label\" for=\"wpforms-2219-field_4\">Edad<\/label>\n<input\n\ttype=\"range\"\n\tid=\"wpforms-2219-field_4\" class=\"wpforms-field-medium\" name=\"wpforms[fields][4]\" value=\"18\"\t\tvalue=\"18\"\n\tmin=\"18\"\n\tmax=\"80\"\n\tstep=\"1\">\n\n<div class=\"wpforms-field-number-slider-hint\"\n\tdata-hint=\"Valor seleccionado: {value}\">\n\tValor seleccionado: <b>18<\/b><\/div>\n<\/div><div id=\"wpforms-2219-field_6-container\" class=\"wpforms-field wpforms-field-select wpforms-field-select-style-classic\" data-field-id=\"6\"><label class=\"wpforms-field-label\" for=\"wpforms-2219-field_6\">Pa\u00eds <span class=\"wpforms-required-label\">*<\/span><\/label><select id=\"wpforms-2219-field_6\" class=\"wpforms-field-medium wpforms-field-required\" name=\"wpforms[fields][6]\" required=\"required\"><option value=\"M\u00e9xico\" >M\u00e9xico<\/option><option value=\"Panam\u00e1\" >Panam\u00e1<\/option><option value=\"Costa Rica\" >Costa Rica<\/option><option value=\"Nicaragua\" >Nicaragua<\/option><option value=\"El Salvador\" >El Salvador<\/option><option value=\"Honduras\" >Honduras<\/option><option value=\"Guatemala\" >Guatemala<\/option><\/select><\/div><div id=\"wpforms-2219-field_27-container\" class=\"wpforms-field wpforms-field-text\" data-field-id=\"27\"><label class=\"wpforms-field-label\" for=\"wpforms-2219-field_27\">Estado \/ Provincia \/ Departamento <span class=\"wpforms-required-label\">*<\/span><\/label><input type=\"text\" id=\"wpforms-2219-field_27\" class=\"wpforms-field-medium wpforms-field-required\" name=\"wpforms[fields][27]\" required><\/div><div id=\"wpforms-2219-field_2-container\" class=\"wpforms-field wpforms-field-email\" data-field-id=\"2\"><label class=\"wpforms-field-label\" for=\"wpforms-2219-field_2\">Correo electr\u00f3nico <span class=\"wpforms-required-label\">*<\/span><\/label><input type=\"email\" id=\"wpforms-2219-field_2\" class=\"wpforms-field-medium wpforms-field-required\" name=\"wpforms[fields][2]\" spellcheck=\"false\" required><\/div><div id=\"wpforms-2219-field_18-container\" class=\"wpforms-field wpforms-field-phone\" data-field-id=\"18\"><label class=\"wpforms-field-label\" for=\"wpforms-2219-field_18\">Tel\u00e9fono (Incluir c\u00f3digo de pa\u00eds) <span class=\"wpforms-required-label\">*<\/span><\/label><input type=\"tel\" id=\"wpforms-2219-field_18\" class=\"wpforms-field-medium wpforms-field-required\" data-rule-int-phone-field=\"true\" name=\"wpforms[fields][18]\" required><\/div><div id=\"wpforms-2219-field_19-container\" class=\"wpforms-field wpforms-field-select wpforms-conditional-trigger wpforms-field-select-style-modern\" data-field-id=\"19\"><label class=\"wpforms-field-label\" for=\"wpforms-2219-field_19\">\u00bfC\u00f3mo te enteraste del programa? <span class=\"wpforms-required-label\">*<\/span><\/label><select id=\"wpforms-2219-field_19\" class=\"wpforms-field-medium wpforms-field-required choicesjs-select\" data-size-class=\"wpforms-field-row wpforms-field-medium\" data-search-enabled=\"1\" name=\"wpforms[fields][19]\" required=\"required\"><option value=\"\" class=\"placeholder\" disabled  selected='selected'>Invitaci\u00f3n<\/option><option value=\"Invitaci\u00f3n\" >Invitaci\u00f3n<\/option><option value=\"Facebook\" >Facebook<\/option><option value=\"X (Antes Twitter)\" >X (Antes Twitter)<\/option><option value=\"Instagram\" >Instagram<\/option><option value=\"LinkedIn\" >LinkedIn<\/option><option value=\"Correo Electr\u00f3nico\" >Correo Electr\u00f3nico<\/option><option value=\"WhatsApp\" >WhatsApp<\/option><option value=\"Referido\" >Referido<\/option><option value=\"Otro\" >Otro<\/option><\/select><\/div><div id=\"wpforms-2219-field_32-container\" class=\"wpforms-field wpforms-field-email wpforms-conditional-field wpforms-conditional-show\" data-field-id=\"32\" style=\"display:none;\"><label class=\"wpforms-field-label\" for=\"wpforms-2219-field_32\">...otro <span class=\"wpforms-required-label\">*<\/span><\/label><input type=\"email\" id=\"wpforms-2219-field_32\" class=\"wpforms-field-medium wpforms-field-required\" name=\"wpforms[fields][32]\" spellcheck=\"false\" required><\/div><div id=\"wpforms-2219-field_21-container\" class=\"wpforms-field wpforms-field-text\" data-field-id=\"21\"><label class=\"wpforms-field-label\" for=\"wpforms-2219-field_21\">Nombre del emprendimiento <span class=\"wpforms-required-label\">*<\/span><\/label><input type=\"text\" id=\"wpforms-2219-field_21\" class=\"wpforms-field-medium wpforms-field-required\" name=\"wpforms[fields][21]\" required><\/div><div id=\"wpforms-2219-field_7-container\" class=\"wpforms-field wpforms-field-textarea\" data-field-id=\"7\"><label class=\"wpforms-field-label\" for=\"wpforms-2219-field_7\">Descripci\u00f3n del emprendimiento <span class=\"wpforms-required-label\">*<\/span><\/label><textarea id=\"wpforms-2219-field_7\" class=\"wpforms-field-medium wpforms-field-required\" name=\"wpforms[fields][7]\" required><\/textarea><\/div><div id=\"wpforms-2219-field_28-container\" class=\"wpforms-field wpforms-field-date-time\" data-field-id=\"28\"><label class=\"wpforms-field-label\" for=\"wpforms-2219-field_28\">A\u00f1o de formaci\u00f3n del emprendimiento <span class=\"wpforms-required-label\">*<\/span><\/label><div class=\"wpforms-field-date-dropdown-wrap wpforms-field-medium\"><select name=\"wpforms[fields][28][date][m]\" id=\"wpforms-2219-field_28-month\" class=\"wpforms-field-date-time-date-month wpforms-field-required\"  required><option value=\"\" class=\"placeholder\" selected disabled>MM<\/option><option value=\"1\" >1<\/option><option value=\"2\" >2<\/option><option value=\"3\" >3<\/option><option value=\"4\" >4<\/option><option value=\"5\" >5<\/option><option value=\"6\" >6<\/option><option value=\"7\" >7<\/option><option value=\"8\" >8<\/option><option value=\"9\" >9<\/option><option value=\"10\" >10<\/option><option value=\"11\" >11<\/option><option value=\"12\" >12<\/option><\/select><select name=\"wpforms[fields][28][date][d]\" id=\"wpforms-2219-field_28-day\" class=\"wpforms-field-date-time-date-day wpforms-field-required\"  required><option value=\"\" class=\"placeholder\" selected disabled>DD<\/option><option value=\"1\" >1<\/option><option value=\"2\" >2<\/option><option value=\"3\" >3<\/option><option value=\"4\" >4<\/option><option value=\"5\" >5<\/option><option value=\"6\" >6<\/option><option value=\"7\" >7<\/option><option value=\"8\" >8<\/option><option value=\"9\" >9<\/option><option value=\"10\" >10<\/option><option value=\"11\" >11<\/option><option value=\"12\" >12<\/option><option value=\"13\" >13<\/option><option value=\"14\" >14<\/option><option value=\"15\" >15<\/option><option value=\"16\" >16<\/option><option value=\"17\" >17<\/option><option value=\"18\" >18<\/option><option value=\"19\" >19<\/option><option value=\"20\" >20<\/option><option value=\"21\" >21<\/option><option value=\"22\" >22<\/option><option value=\"23\" >23<\/option><option value=\"24\" >24<\/option><option value=\"25\" >25<\/option><option value=\"26\" >26<\/option><option value=\"27\" >27<\/option><option value=\"28\" >28<\/option><option value=\"29\" >29<\/option><option value=\"30\" >30<\/option><option value=\"31\" >31<\/option><\/select><select name=\"wpforms[fields][28][date][y]\" id=\"wpforms-2219-field_28-year\" class=\"wpforms-field-date-time-date-year wpforms-field-required\"  required><option value=\"\" class=\"placeholder\" selected disabled>AAAA<\/option><option value=\"2026\" >2026<\/option><option value=\"2025\" >2025<\/option><option value=\"2024\" >2024<\/option><option value=\"2023\" >2023<\/option><option value=\"2022\" >2022<\/option><option value=\"2021\" >2021<\/option><option value=\"2020\" >2020<\/option><option value=\"2019\" >2019<\/option><option value=\"2018\" >2018<\/option><option value=\"2017\" >2017<\/option><option value=\"2016\" >2016<\/option><option value=\"2015\" >2015<\/option><option value=\"2014\" >2014<\/option><option value=\"2013\" >2013<\/option><option value=\"2012\" >2012<\/option><option value=\"2011\" >2011<\/option><option value=\"2010\" >2010<\/option><option value=\"2009\" >2009<\/option><option value=\"2008\" >2008<\/option><option value=\"2007\" >2007<\/option><option value=\"2006\" >2006<\/option><option value=\"2005\" >2005<\/option><option value=\"2004\" >2004<\/option><option value=\"2003\" >2003<\/option><option value=\"2002\" >2002<\/option><option value=\"2001\" >2001<\/option><option value=\"2000\" >2000<\/option><option value=\"1999\" >1999<\/option><option value=\"1998\" >1998<\/option><option value=\"1997\" >1997<\/option><option value=\"1996\" >1996<\/option><option value=\"1995\" >1995<\/option><option value=\"1994\" >1994<\/option><option value=\"1993\" >1993<\/option><option value=\"1992\" >1992<\/option><option value=\"1991\" >1991<\/option><option value=\"1990\" >1990<\/option><option value=\"1989\" >1989<\/option><option value=\"1988\" >1988<\/option><option value=\"1987\" >1987<\/option><option value=\"1986\" >1986<\/option><option value=\"1985\" >1985<\/option><option value=\"1984\" >1984<\/option><option value=\"1983\" >1983<\/option><option value=\"1982\" >1982<\/option><option value=\"1981\" >1981<\/option><option value=\"1980\" >1980<\/option><option value=\"1979\" >1979<\/option><option value=\"1978\" >1978<\/option><option value=\"1977\" >1977<\/option><option value=\"1976\" >1976<\/option><option value=\"1975\" >1975<\/option><option value=\"1974\" >1974<\/option><option value=\"1973\" >1973<\/option><option value=\"1972\" >1972<\/option><option value=\"1971\" >1971<\/option><option value=\"1970\" >1970<\/option><option value=\"1969\" >1969<\/option><option value=\"1968\" >1968<\/option><option value=\"1967\" >1967<\/option><option value=\"1966\" >1966<\/option><option value=\"1965\" >1965<\/option><option value=\"1964\" >1964<\/option><option value=\"1963\" >1963<\/option><option value=\"1962\" >1962<\/option><option value=\"1961\" >1961<\/option><option value=\"1960\" >1960<\/option><option value=\"1959\" >1959<\/option><option value=\"1958\" >1958<\/option><option value=\"1957\" >1957<\/option><option value=\"1956\" >1956<\/option><option value=\"1955\" >1955<\/option><option value=\"1954\" >1954<\/option><option value=\"1953\" >1953<\/option><option value=\"1952\" >1952<\/option><option value=\"1951\" >1951<\/option><option value=\"1950\" >1950<\/option><option value=\"1949\" >1949<\/option><option value=\"1948\" >1948<\/option><option value=\"1947\" >1947<\/option><option value=\"1946\" >1946<\/option><option value=\"1945\" >1945<\/option><option value=\"1944\" >1944<\/option><option value=\"1943\" >1943<\/option><option value=\"1942\" >1942<\/option><option value=\"1941\" >1941<\/option><option value=\"1940\" >1940<\/option><option value=\"1939\" >1939<\/option><option value=\"1938\" >1938<\/option><option value=\"1937\" >1937<\/option><option value=\"1936\" >1936<\/option><option value=\"1935\" >1935<\/option><option value=\"1934\" >1934<\/option><option value=\"1933\" >1933<\/option><option value=\"1932\" >1932<\/option><option value=\"1931\" >1931<\/option><option value=\"1930\" >1930<\/option><option value=\"1929\" >1929<\/option><option value=\"1928\" >1928<\/option><option value=\"1927\" >1927<\/option><option value=\"1926\" >1926<\/option><option value=\"1925\" >1925<\/option><option value=\"1924\" >1924<\/option><option value=\"1923\" >1923<\/option><option value=\"1922\" >1922<\/option><option value=\"1921\" >1921<\/option><option value=\"1920\" >1920<\/option><\/select><\/div><\/div><div id=\"wpforms-2219-field_5-container\" class=\"wpforms-field wpforms-field-select wpforms-field-select-style-classic\" data-field-id=\"5\"><label class=\"wpforms-field-label\" for=\"wpforms-2219-field_5\">Seleccionar el tipo de emprendimiento. <span class=\"wpforms-required-label\">*<\/span><\/label><select id=\"wpforms-2219-field_5\" class=\"wpforms-field-medium wpforms-field-required\" name=\"wpforms[fields][5]\" required=\"required\"><option value=\"Tecnolog\u00eda e Innovaci\u00f3n\" >Tecnolog\u00eda e Innovaci\u00f3n<\/option><option value=\"Ciudades Inteligentes\" >Ciudades Inteligentes<\/option><option value=\"Impacto Social\" >Impacto Social<\/option><\/select><\/div><div id=\"wpforms-2219-field_8-container\" class=\"wpforms-field wpforms-field-text\" data-field-id=\"8\"><label class=\"wpforms-field-label\" for=\"wpforms-2219-field_8\">P\u00e1gina web del emprendimiento<\/label><input type=\"text\" id=\"wpforms-2219-field_8\" class=\"wpforms-field-medium\" name=\"wpforms[fields][8]\" ><\/div><div id=\"wpforms-2219-field_29-container\" class=\"wpforms-field wpforms-field-textarea\" data-field-id=\"29\"><label class=\"wpforms-field-label\" for=\"wpforms-2219-field_29\">Redes sociales del emprendimiento <span class=\"wpforms-required-label\">*<\/span><\/label><textarea id=\"wpforms-2219-field_29\" class=\"wpforms-field-medium wpforms-field-required\" name=\"wpforms[fields][29]\" required><\/textarea><div class=\"wpforms-field-description\">Favor de poner el enlace y\/o el usuario <\/div><\/div><div id=\"wpforms-2219-field_30-container\" class=\"wpforms-field wpforms-field-file-upload\" data-field-id=\"30\"><label class=\"wpforms-field-label\" for=\"wpforms-2219-field_30\">\u00bfQuieres subir alg\u00fan archivo?<\/label><div\n\t\tclass=\"wpforms-uploader\"\n\t\tdata-field-id=\"30\"\n\t\tdata-form-id=\"2219\"\n\t\tdata-input-name=\"wpforms_2219_30\"\n\t\tdata-extensions=\"pdf\"\n\t\tdata-max-size=\"1610612736\"\n\t\tdata-max-file-number=\"1\"\n\t\tdata-post-max-size=\"1610612736\"\n\t\tdata-max-parallel-uploads=\"4\"\n\t\tdata-parallel-uploads=\"true\"\n\t\tdata-file-chunk-size=\"2097152\">\n\t<div class=\"dz-message\">\n\t\t<svg viewBox=\"0 0 1024 1024\" focusable=\"false\" data-icon=\"inbox\" width=\"50px\" height=\"50px\" fill=\"currentColor\" aria-hidden=\"true\">\n\t\t\t<path d=\"M885.2 446.3l-.2-.8-112.2-285.1c-5-16.1-19.9-27.2-36.8-27.2H281.2c-17 0-32.1 11.3-36.9 27.6L139.4 443l-.3.7-.2.8c-1.3 4.9-1.7 9.9-1 14.8-.1 1.6-.2 3.2-.2 4.8V830a60.9 60.9 0 0 0 60.8 60.8h627.2c33.5 0 60.8-27.3 60.9-60.8V464.1c0-1.3 0-2.6-.1-3.7.4-4.9 0-9.6-1.3-14.1zm-295.8-43l-.3 15.7c-.8 44.9-31.8 75.1-77.1 75.1-22.1 0-41.1-7.1-54.8-20.6S436 441.2 435.6 419l-.3-15.7H229.5L309 210h399.2l81.7 193.3H589.4zm-375 76.8h157.3c24.3 57.1 76 90.8 140.4 90.8 33.7 0 65-9.4 90.3-27.2 22.2-15.6 39.5-37.4 50.7-63.6h156.5V814H214.4V480.1z\"><\/path>\n\t\t<\/svg>\n\t\t<span class=\"modern-title\">Haz clic o arrastra un archivo a este \u00e1rea para subirlo.<\/span>\n\n\t\t\t<\/div>\n<\/div>\n<input\n\t\ttype=\"text\"\n\t\tautocomplete=\"off\"\n\t\tclass=\"dropzone-input\"\n\t\tstyle=\"position:absolute!important;clip:rect(0,0,0,0)!important;height:1px!important;width:1px!important;border:0!important;overflow:hidden!important;padding:0!important;margin:0!important;\"\n\t\tid=\"wpforms-2219-field_30\"\n\t\tname=\"wpforms_2219_30\" \t\tvalue=\"\">\n<div class=\"wpforms-field-description\">Si tienes una presentaci\u00f3n de tu emprendimiento, favor de subirlo \u00fanicamente en formato PDF. No admitiremos otros formatos.<\/div><\/div><\/div><!-- .wpforms-field-container --><div class=\"wpforms-submit-container\" ><input type=\"hidden\" name=\"wpforms[id]\" value=\"2219\"><input type=\"hidden\" name=\"wpforms[author]\" value=\"2\"><button type=\"submit\" name=\"wpforms[submit]\" id=\"wpforms-submit-2219\" class=\"wpforms-submit\" data-alt-text=\"Enviando...\" data-submit-text=\"Enviar\" aria-live=\"assertive\" value=\"wpforms-submit\">Enviar<\/button><\/div><\/form><\/div>  <!-- .wpforms-container -->[\/et_pb_code][\/et_pb_column][\/et_pb_row][\/et_pb_section][et_pb_section fb_built=\u00bb1&#8243; _builder_version=\u00bb4.5.3&#8243; _module_preset=\u00bbdefault\u00bb][\/et_pb_section]<\/p>\n","protected":false},"excerpt":{"rendered":"<p>[et_pb_section fb_built=\u00bb1&#8243; _builder_version=\u00bb4.4.3&#8243; custom_padding=\u00bb||6px|||\u00bb][et_pb_row _builder_version=\u00bb4.5.3&#8243; _module_preset=\u00bbdefault\u00bb][et_pb_column _builder_version=\u00bb4.5.3&#8243; _module_preset=\u00bbdefault\u00bb type=\u00bb4_4&#8243;][et_pb_image src=\u00bbhttp:\/\/innovateprogramme.com\/wp-content\/uploads\/2025\/02\/Untitled-design-3.png\u00bb _builder_version=\u00bb4.5.3&#8243; _module_preset=\u00bbdefault\u00bb title_text=\u00bbUntitled design (3)\u00bb hover_enabled=\u00bb0&#8243;][\/et_pb_image][\/et_pb_column][\/et_pb_row][et_pb_row _builder_version=\u00bb4.5.3&#8243; _module_preset=\u00bbdefault\u00bb][et_pb_column _builder_version=\u00bb4.5.3&#8243; _module_preset=\u00bbdefault\u00bb type=\u00bb4_4&#8243;][et_pb_text _builder_version=\u00bb4.5.3&#8243; header_font=\u00bb|700|||||||\u00bb header_text_color=\u00bb#0c71c3&#8243; header_font_size=\u00bb100px\u00bb hover_enabled=\u00bb0&#8243; locked=\u00bboff\u00bb text_font_size=\u00bb72px\u00bb] Formulario de Registro 2025 [\/et_pb_text][\/et_pb_column][\/et_pb_row][et_pb_row _builder_version=\u00bb4.5.3&#8243; _module_preset=\u00bbdefault\u00bb][et_pb_column type=\u00bb4_4&#8243; _builder_version=\u00bb4.5.3&#8243; _module_preset=\u00bbdefault\u00bb][et_pb_button button_url=\u00bbhttp:\/\/innovateprogramme.com\/wp-content\/uploads\/2025\/02\/Bases-de-Participacion-Road-MX-CA-2025.pdf\u00bb url_new_window=\u00bbon\u00bb button_text=\u00bbConsulta las bases de participaci\u00f3n y proceso de selecci\u00f3n\u00bb button_text_tablet=\u00bb\u00bb button_text_phone=\u00bb\u00bb button_text_last_edited=\u00bbon|desktop\u00bb _builder_version=\u00bb4.5.3&#8243; _module_preset=\u00bbdefault\u00bb custom_button=\u00bbon\u00bb [&hellip;]<\/p>\n","protected":false},"author":2,"featured_media":0,"parent":0,"menu_order":0,"comment_status":"closed","ping_status":"closed","template":"","meta":{"_et_pb_use_builder":"on","_et_pb_old_content":"","_et_gb_content_width":"","_monsterinsights_skip_tracking":false,"_monsterinsights_sitenote_active":false,"_monsterinsights_sitenote_note":"","_monsterinsights_sitenote_category":0,"footnotes":""},"class_list":["post-2103","page","type-page","status-publish","hentry"],"_links":{"self":[{"href":"https:\/\/innovateprogramme.com\/index.php\/wp-json\/wp\/v2\/pages\/2103","targetHints":{"allow":["GET"]}}],"collection":[{"href":"https:\/\/innovateprogramme.com\/index.php\/wp-json\/wp\/v2\/pages"}],"about":[{"href":"https:\/\/innovateprogramme.com\/index.php\/wp-json\/wp\/v2\/types\/page"}],"author":[{"embeddable":true,"href":"https:\/\/innovateprogramme.com\/index.php\/wp-json\/wp\/v2\/users\/2"}],"replies":[{"embeddable":true,"href":"https:\/\/innovateprogramme.com\/index.php\/wp-json\/wp\/v2\/comments?post=2103"}],"version-history":[{"count":12,"href":"https:\/\/innovateprogramme.com\/index.php\/wp-json\/wp\/v2\/pages\/2103\/revisions"}],"predecessor-version":[{"id":2247,"href":"https:\/\/innovateprogramme.com\/index.php\/wp-json\/wp\/v2\/pages\/2103\/revisions\/2247"}],"wp:attachment":[{"href":"https:\/\/innovateprogramme.com\/index.php\/wp-json\/wp\/v2\/media?parent=2103"}],"curies":[{"name":"wp","href":"https:\/\/api.w.org\/{rel}","templated":true}]}}