{"id":2053,"date":"2023-08-25T12:29:13","date_gmt":"2023-08-25T18:29:13","guid":{"rendered":"http:\/\/innovateprogramme.com\/?page_id=2053"},"modified":"2023-08-25T12:29:14","modified_gmt":"2023-08-25T18:29:14","slug":"road-el-salvador-2023","status":"publish","type":"page","link":"https:\/\/innovateprogramme.com\/index.php\/road-el-salvador-2023\/","title":{"rendered":"Road El Salvador 2023"},"content":{"rendered":"<p>[et_pb_section fb_built=\u00bb1&#8243; _builder_version=\u00bb4.4.3&#8243; locked=\u00bboff\u00bb][et_pb_row _builder_version=\u00bb4.4.3&#8243;][et_pb_column type=\u00bb4_4&#8243; _builder_version=\u00bb4.4.3&#8243;][et_pb_text _builder_version=\u00bb4.4.3&#8243; header_font=\u00bb|700|||||||\u00bb header_text_color=\u00bb#0c71c3&#8243; header_font_size=\u00bb100px\u00bb]<\/p>\n<h1>Roads to Innovate<br \/> <span style=\"color: #ff4e73;\">El Salvador 2023<\/span><\/h1>\n<p>[\/et_pb_text][\/et_pb_column][\/et_pb_row][et_pb_row _builder_version=\u00bb4.5.3&#8243; _module_preset=\u00bbdefault\u00bb][et_pb_column _builder_version=\u00bb4.5.3&#8243; _module_preset=\u00bbdefault\u00bb type=\u00bb4_4&#8243;][et_pb_text _builder_version=\u00bb4.5.3&#8243; _module_preset=\u00bbdefault\u00bb hover_enabled=\u00bb0&#8243;]<\/p>\n<p><span>No te pierdas el Road to Innovate El Salvador 2023, el evento que re\u00fane lo m\u00e1s innovador del emprendimiento salvadore\u00f1o. Podr\u00e1s conocer startups que est\u00e1n transformando la regi\u00f3n con sus propuestas creativas en \u00e1reas como ciudades inteligentes, emprendimiento social y tecnolog\u00eda. Los finalistas tendr\u00e1n la oportunidad de presentar sus proyectos y conectar con importantes mentores, inversionistas y la comunidad emprendedora. Si quieres inspirarte con emprendimientos que buscan generar un impacto positivo, este es el lugar. <\/span><\/p>\n<p><span><\/span><\/p>\n<p><strong>\u00a1Reg\u00edstrate para asistir a las jornadas abiertas al p\u00fablico y apoya el ecosistema de innovaci\u00f3n de El Salvador!<\/strong><\/p>\n<p>[\/et_pb_text][\/et_pb_column][\/et_pb_row][\/et_pb_section][et_pb_section fb_built=\u00bb1&#8243; _builder_version=\u00bb4.5.3&#8243; _module_preset=\u00bbdefault\u00bb][et_pb_row _builder_version=\u00bb4.5.3&#8243; _module_preset=\u00bbdefault\u00bb][et_pb_column _builder_version=\u00bb4.5.3&#8243; _module_preset=\u00bbdefault\u00bb type=\u00bb4_4&#8243;][et_pb_code _builder_version=\u00bb4.5.3&#8243; _module_preset=\u00bbdefault\u00bb hover_enabled=\u00bb0&#8243;]<div class=\"wpforms-container wpforms-container-full\" id=\"wpforms-2052\"><form id=\"wpforms-form-2052\" class=\"wpforms-validate wpforms-form\" data-formid=\"2052\" method=\"post\" enctype=\"multipart\/form-data\" action=\"\/index.php\/wp-json\/wp\/v2\/pages\/2053\" data-token=\"c4f92f749bb7576bae20453be7d91f34\"><noscript class=\"wpforms-error-noscript\">Por favor, activa JavaScript en tu navegador para completar este formulario.<\/noscript><div class=\"wpforms-field-container\"><div id=\"wpforms-2052-field_1-container\" class=\"wpforms-field wpforms-field-name\" data-field-id=\"1\"><label class=\"wpforms-field-label\" for=\"wpforms-2052-field_1\">Nombre <span class=\"wpforms-required-label\">*<\/span><\/label><div class=\"wpforms-field-row wpforms-field-medium\"><div class=\"wpforms-field-row-block wpforms-first wpforms-one-half\"><input type=\"text\" id=\"wpforms-2052-field_1\" class=\"wpforms-field-name-first wpforms-field-required\" name=\"wpforms[fields][1][first]\" required><label for=\"wpforms-2052-field_1\" class=\"wpforms-field-sublabel after \">Nombre<\/label><\/div><div class=\"wpforms-field-row-block wpforms-one-half\"><input type=\"text\" id=\"wpforms-2052-field_1-last\" class=\"wpforms-field-name-last wpforms-field-required\" name=\"wpforms[fields][1][last]\" required><label for=\"wpforms-2052-field_1-last\" class=\"wpforms-field-sublabel after \">Apellidos<\/label><\/div><\/div><\/div><div id=\"wpforms-2052-field_2-container\" class=\"wpforms-field wpforms-field-email\" data-field-id=\"2\"><label class=\"wpforms-field-label\" for=\"wpforms-2052-field_2\">Correo electr\u00f3nico <span class=\"wpforms-required-label\">*<\/span><\/label><input type=\"email\" id=\"wpforms-2052-field_2\" class=\"wpforms-field-medium wpforms-field-required\" name=\"wpforms[fields][2]\" spellcheck=\"false\" required><\/div><div id=\"wpforms-2052-field_3-container\" class=\"wpforms-field wpforms-field-phone\" data-field-id=\"3\"><label class=\"wpforms-field-label\" for=\"wpforms-2052-field_3\">Tel\u00e9fono<\/label><input type=\"tel\" id=\"wpforms-2052-field_3\" class=\"wpforms-field-medium wpforms-smart-phone-field\" data-rule-smart-phone-field=\"true\" name=\"wpforms[fields][3]\" ><\/div><div id=\"wpforms-2052-field_4-container\" class=\"wpforms-field wpforms-field-text\" data-field-id=\"4\"><label class=\"wpforms-field-label\" for=\"wpforms-2052-field_4\">Organizaci\u00f3n, empresa o marca<\/label><input type=\"text\" id=\"wpforms-2052-field_4\" class=\"wpforms-field-medium\" name=\"wpforms[fields][4]\" ><\/div><\/div><!-- .wpforms-field-container --><div class=\"wpforms-submit-container\" ><input type=\"hidden\" name=\"wpforms[id]\" value=\"2052\"><input type=\"hidden\" name=\"wpforms[author]\" value=\"2\"><button type=\"submit\" name=\"wpforms[submit]\" id=\"wpforms-submit-2052\" class=\"wpforms-submit\" data-alt-text=\"Enviando...\" data-submit-text=\"Enviar\" aria-live=\"assertive\" value=\"wpforms-submit\">Enviar<\/button><\/div><\/form><\/div>  <!-- .wpforms-container -->[\/et_pb_code][\/et_pb_column][\/et_pb_row][\/et_pb_section]<\/p>\n","protected":false},"excerpt":{"rendered":"<p>[et_pb_section fb_built=\u00bb1&#8243; _builder_version=\u00bb4.4.3&#8243; locked=\u00bboff\u00bb][et_pb_row _builder_version=\u00bb4.4.3&#8243;][et_pb_column type=\u00bb4_4&#8243; _builder_version=\u00bb4.4.3&#8243;][et_pb_text _builder_version=\u00bb4.4.3&#8243; header_font=\u00bb|700|||||||\u00bb header_text_color=\u00bb#0c71c3&#8243; header_font_size=\u00bb100px\u00bb] Roads to Innovate El Salvador 2023 [\/et_pb_text][\/et_pb_column][\/et_pb_row][et_pb_row _builder_version=\u00bb4.5.3&#8243; _module_preset=\u00bbdefault\u00bb][et_pb_column _builder_version=\u00bb4.5.3&#8243; _module_preset=\u00bbdefault\u00bb type=\u00bb4_4&#8243;][et_pb_text _builder_version=\u00bb4.5.3&#8243; _module_preset=\u00bbdefault\u00bb hover_enabled=\u00bb0&#8243;] No te pierdas el Road to Innovate El Salvador 2023, el evento que re\u00fane lo m\u00e1s innovador del emprendimiento salvadore\u00f1o. Podr\u00e1s conocer startups que est\u00e1n transformando la regi\u00f3n con [&hellip;]<\/p>\n","protected":false},"author":2,"featured_media":0,"parent":0,"menu_order":0,"comment_status":"closed","ping_status":"closed","template":"","meta":{"_et_pb_use_builder":"on","_et_pb_old_content":"","_et_gb_content_width":"","_monsterinsights_skip_tracking":false,"_monsterinsights_sitenote_active":false,"_monsterinsights_sitenote_note":"","_monsterinsights_sitenote_category":0,"footnotes":""},"class_list":["post-2053","page","type-page","status-publish","hentry"],"_links":{"self":[{"href":"https:\/\/innovateprogramme.com\/index.php\/wp-json\/wp\/v2\/pages\/2053","targetHints":{"allow":["GET"]}}],"collection":[{"href":"https:\/\/innovateprogramme.com\/index.php\/wp-json\/wp\/v2\/pages"}],"about":[{"href":"https:\/\/innovateprogramme.com\/index.php\/wp-json\/wp\/v2\/types\/page"}],"author":[{"embeddable":true,"href":"https:\/\/innovateprogramme.com\/index.php\/wp-json\/wp\/v2\/users\/2"}],"replies":[{"embeddable":true,"href":"https:\/\/innovateprogramme.com\/index.php\/wp-json\/wp\/v2\/comments?post=2053"}],"version-history":[{"count":2,"href":"https:\/\/innovateprogramme.com\/index.php\/wp-json\/wp\/v2\/pages\/2053\/revisions"}],"predecessor-version":[{"id":2055,"href":"https:\/\/innovateprogramme.com\/index.php\/wp-json\/wp\/v2\/pages\/2053\/revisions\/2055"}],"wp:attachment":[{"href":"https:\/\/innovateprogramme.com\/index.php\/wp-json\/wp\/v2\/media?parent=2053"}],"curies":[{"name":"wp","href":"https:\/\/api.w.org\/{rel}","templated":true}]}}